{"id":2708,"date":"2025-01-20T11:13:32","date_gmt":"2025-01-20T11:13:32","guid":{"rendered":"https:\/\/www.icegov.org\/2025\/?page_id=2708"},"modified":"2026-01-09T15:17:51","modified_gmt":"2026-01-09T15:17:51","slug":"programme-committee","status":"publish","type":"page","link":"https:\/\/www.icegov.org\/2025\/programme-committee\/","title":{"rendered":"Programme Committee"},"content":{"rendered":"\n<div class=\"wp-block-columns is-layout-flex wp-container-core-columns-is-layout-9d6595d7 wp-block-columns-is-layout-flex\">\n<div class=\"wp-block-column container is-layout-flow wp-block-column-is-layout-flow\" style=\"padding-right:var(--wp--preset--spacing--60);padding-left:var(--wp--preset--spacing--60)\">\n<h1 class=\"wp-block-heading container\" style=\"margin-right:0;margin-left:0\">Programme Committee<\/h1>\n\n\n\n<p class=\"container\">The Programme Committee of ICEGOV 2025 comprised\u00a0<strong>121<\/strong>\u00a0people from\u00a0<strong>36<\/strong>\u00a0different countries.<br><br>Ayman ALARABIAT, Al-Balqa Applied University, Jordan<br>Laura ALCAIDE MU\u00d1OZ, University of Granada, Spain<br>Olukemi ALUKO, Obafemi Awolowo University, Nigeria<br>Luis ALVAREZ-SABUCEDO, Universidade de Vigo, Spain<br>Lu\u00eds AMARAL, Universidade do Minho, Portugal<br>Xiaomi AN, Renmin University of China,<br>Fabiano ANG\u00c9LICO, Universit\u00e0 della Svizzera Italiana, Brazil<br>Raphael ASIBOR, Igbinedion University Okada, Nigeria<br>Thiago \u00c1VILA, Get\u00falio Vargas Foundation, Brazil<br>Johanna AWOTWI, Independent Researcher, Ghana<br>Rehema BAGUMA, Makerere University, Uganda<br>Sundar BALAKRISHNA, Government of Andhra Pradesh, India<br>Alexandre BARBOSA, Brazilian Network Information Center, Brazil<br>Lu\u00eds Nuno BARBOSA, United Nations University (UNU-EGOV), Portugal<br>Soumaya BEN DHAOU, United Nations University (UNU-EGOV), Portugal<br>Radomir BOLGOV, Saint Petersburg State University, Russia<br>Aymen BOUDEBOUZ, United Nations University (UNU-EGOV), Portugal<br>Milber BOURGUIGNON, Federal University of Rio de Janeiro (UFRJ), Brazil<br>Mikhail BUNDIN, Lobachevsky State University of Nizhny Novgorod, Russia<br>Joana CARVALHO, United Nations University (UNU-EGOV), Portugal<br>Alejandra CECHICH, Universidad Nacional del Comahue, Argentina<br>Wojciech CELLARY, WSB University in Pozna\u0144, Poland<br>Sunil CHOENNI, Ministry of Justice and Security, Netherlands<br>Andrei CHUGUNOV, ITMO University, Russia<br>Soon CHUN, City University of New York, United States<br>Fl\u00e1vio SILVA, Universidade de S\u00e3o Paulo, Brazil<br>J. Ignacio CRIADO, Autonomous University of Madrid, Spain<br>Sandra CUNHA, Instituto Polit\u00e9cnico do C\u00e1vado e do Ave, Portugal<br>Vanessa ALMEIDA, Brazilian Development Bank, Brazil<br>Rahul DE&#8217;, Indian Institute of Management Bangalore, India<br>Vasiliki DIAMANTOPOULOU, University of the Aegean, Greece<br>Charmaine DISTOR, United Nations University (UNU-EGOV), Portugal<br>Gayatri DOCTOR, CEPT University, India<br>Pietro DOLCI, Universidade de Santa Cruz do Sul, Brazil<br>N\u00e9stor DUCH BROWN, European Commission Joint Research Center, Spain<br>D\u00e9bora DUTRA, Universidade do Rio Grande do Sul, Brazil<br>Bushra EBADI, UNU-EGOV, Portugal<br>Isabel FERREIRA, Instituto Polit\u00e9cnico do C\u00e1vado e do Ave, Portugal<br>Pablo FILLOTTRANI, Universidad Nacional del Sur, Argentina<br>Catarina FONTES, UNU-EGOV, Portugal<br>H\u00e9lder GOMES, Universidade de Aveiro, Portugal<br>Yiwei GONG, Wuhan University, China<br>Mar\u00eda GONZ\u00c1LEZ, Universidad Nacional del Sur, Argentina<br>Stevan GOSTOJI\u0106, University of Novi Sad, Serbia<br>Dimitris GOUSCOS, National and Kapodistrian University of Athens, Greece<br>Rajan GUPTA, AI&amp;I Lab, Tamaulipas Autonomous University (UAT), Mexico<br>Marcia HINO, Federal Technological University of Paran\u00e1, Brazil<br>Bryan HO, University of Macau, China<br>Yefei HU, Fudan University, China<br>Omar HUJRAN, United Arab Emirates University, United Arab Emirates<br>Jun IIO, Chuo University, Japan<br>Tomasz JANOWSKI, Gda\u0144sk University of Technology, Poland<br>Naci KARKIN, UNU-EGOV, Portugal<br>Izabela KAPSA, Kazimierz Wielki University, Poland<br>Paul KARIUKI, University of KwaZulu-Natal, South Africa<br>Geci KARURI-SEBINA, University of Witwatersrand, South Africa<br>Anjali KAUSHIK, Management Development Institute Gurgaon, India<br>Young KIM, UNU-EGOV, Portugal<br>Fernando KLEIMAN, Delft University of Technology, Netherlands<br>Ralf KLISCHEWSKI, German International University, Germany<br>Panagiotis KOKKINAKOS, National Technical University of Athens, Greece<br>Hiroko KUDO, Chuo University, Japan<br>Wai-Min KWOK, United Nations Department of Economic and Social Affairs, United States<br>Eunmi LEE, Kookmin University , S. Korea<br>Xinping LIU, University of Shanghai for Science and Technology, China<br>Galbaatar LKHAGVASUREN, National University of Mongolia, Mongolia<br>Luis F. LUNA-REYES, University at Albany (SUNY), United States<br>Aimilia MAGKANARAKI, Hellenic Ministry of Health, Greece<br>Ana MAGUITMAN, Universidad Nacional del Sur, Argentina<br>Debendra MAHALIK, Sambalpur University, Jyoti Vihar, India<br>F\u00e1bio MARQUES, Universidade de Aveiro, Portugal<br>Jo\u00e3o MARTINS, United Nations University (UNU-EGOV), Portugal<br>Aleksei MARTYNOV, Lobachevsky State University of Nizhny Novgorod, Russia<br>Rony MEDAGLIA, Copenhagen Business School, Denmark<br>Mohammad MEHRAEEN, Ferdowsi University of Mashhad, Iran<br>Gianluca MISURACA, Politecnico di Milano, Italy<br>Francesco MUREDDU, Lisbon Council, Belgium<br>Mijail NARANJO ZOLOTOV, NOVA Information Management School (NOVA IMS), Portugal<br>B\u00e1rbara NASCIMENTO, Rio de Janeiro State Prosecutor&#8217;s Office, Brazil<br>Jos\u00e9 NASCIMENTO, University of Minho, Portugal<br>Niels NETTEN, Ministry of Justice and Security, Netherlands<br>Lizzy OFUSORI, University of KwaZulu-Natal, South Africa<br>Alexander PAKHALOV, Lomonosov Moscow State University, Russia<br>Anna PICCO-SCHWENDENER, Universit\u00e0 della Svizzera italiana, Switzerland<br>Luciana PORTILHO, Brazilian Network Information Center (NIC.br), Brazil<br>Dmitry PROKUDIN, Saint Petersburg State University, Russia<br>Rui QUARESMA, Universidade de \u00c9vora, Portugal<br>Manuella RIBEIRO, CETIC, Brazil<br>Mortaza S. BARGH, Dutch Ministry of Justice and Security, The Hague, Netherlands<br>Jorge S\u00c1, University of Minho, Portugal<br>Jenny S\u00c1NCHEZ-TORRES, Universidad Nacional de Colombia, Colombia<br>V\u00edtor SANTOS, Universidade NOVA de Lisboa, Portugal<br>Demetrios SARANTIS, United Nations University (UNU-EGOV), Portugal<br>Sven SCHADE, European Commission Joint Research Center, Spain<br>Biancca Nardelli SCHENATZ, Universidade Federal de Ouro Preto, Brazil<br>Ecem \u00c7UBUK, Digital Transformation Office of the Presidency of Republic of T\u00fcrkiye, T\u00fcrkiye<br>Deo SHAO, University of Dodoma, Tanzania<br>Jo\u00e3o Paulo SILVA , UNAMA, Brazil<br>Jo\u00e3o Marco SILVA, Universidade do Minho, Portugal<br>Kerley SILVA, University of Porto, Portugal<br>\u00c9rica SIQUEIRA, Funda\u00e7\u00e3o Get\u00falio Vargas, Brazil<br>Delfina SOARES, United Nations University (UNU-EGOV), Portugal<br>Lu\u00eds BARBOSA, United Nations University (UNU-EGOV), Portugal<br>Ralf-Martin SOE, Tallinn University of Technology, Estonia<br>Vera SPITZER, University of Koblenz, Germany<br>Dada JOHN, Ahmadu Bello University, Zaria, Kaduna State, Nigeria<br>Ant\u00f3nio TAVARES, Universidade do Minho, Portugal<br>Moses TIMOTHY, Federal University Lafia, Nigeria<br>Dmitrii TRUTNEV, ITMO University, Russia<br>Quito TSUI, MERL Tech initiative and freelancing, United Kingdom<br>Manuel TUPIA ANTICONA, Pontificia Universidad Cat\u00f3lica del Per\u00fa, Peru<br>Costas VASSILAKIS, University of Peloponnese, Greece<br>Jayan VASUDEVAN, Centre for Development of Advanced Computing, India<br>Lyudmila VIDIASOVA, ITMO University, Russia<br>Gianluigi VISCUSI, Link\u00f6ping University, Sweden<br>Nosheen WARRAICH, University of the Punjab, Pakistan<br>Ronny WEINKAUF, University of Applied Sciences Merseburg, Germany<br>Guilherme WIEDENH\u00d6FT, Universidade Federal do Rio Grande, Brazil<br>Nan ZHANG, Tsinghua University, China<br>Lei ZHENG, Fudan University, China<\/p>\n\n\n\n<p class=\"container\"><\/p>\n\n\n\n<p style=\"margin-right:0;margin-left:0;padding-right:0;padding-left:0\"><\/p>\n<\/div>\n<\/div>\n","protected":false},"excerpt":{"rendered":"<p>Programme Committee The Programme Committee of ICEGOV 2025 comprised\u00a0121\u00a0people from\u00a036\u00a0different countries. Ayman ALARABIAT, Al-Balqa Applied University, JordanLaura ALCAIDE MU\u00d1OZ, University of Granada, SpainOlukemi ALUKO, Obafemi Awolowo University, NigeriaLuis ALVAREZ-SABUCEDO, Universidade de Vigo, SpainLu\u00eds AMARAL, Universidade do Minho, PortugalXiaomi AN, Renmin University of China,Fabiano ANG\u00c9LICO, Universit\u00e0 della Svizzera Italiana, BrazilRaphael ASIBOR, Igbinedion University Okada, NigeriaThiago \u00c1VILA, [&hellip;]<\/p>\n","protected":false},"author":5,"featured_media":0,"parent":0,"menu_order":0,"comment_status":"closed","ping_status":"closed","template":"","meta":{"footnotes":""},"class_list":["post-2708","page","type-page","status-publish","hentry"],"_links":{"self":[{"href":"https:\/\/www.icegov.org\/2025\/wp-json\/wp\/v2\/pages\/2708","targetHints":{"allow":["GET"]}}],"collection":[{"href":"https:\/\/www.icegov.org\/2025\/wp-json\/wp\/v2\/pages"}],"about":[{"href":"https:\/\/www.icegov.org\/2025\/wp-json\/wp\/v2\/types\/page"}],"author":[{"embeddable":true,"href":"https:\/\/www.icegov.org\/2025\/wp-json\/wp\/v2\/users\/5"}],"replies":[{"embeddable":true,"href":"https:\/\/www.icegov.org\/2025\/wp-json\/wp\/v2\/comments?post=2708"}],"version-history":[{"count":12,"href":"https:\/\/www.icegov.org\/2025\/wp-json\/wp\/v2\/pages\/2708\/revisions"}],"predecessor-version":[{"id":6382,"href":"https:\/\/www.icegov.org\/2025\/wp-json\/wp\/v2\/pages\/2708\/revisions\/6382"}],"wp:attachment":[{"href":"https:\/\/www.icegov.org\/2025\/wp-json\/wp\/v2\/media?parent=2708"}],"curies":[{"name":"wp","href":"https:\/\/api.w.org\/{rel}","templated":true}]}}