{"id":5,"date":"2024-11-27T12:57:22","date_gmt":"2024-11-27T12:57:22","guid":{"rendered":"https:\/\/www.icegov.org\/2024\/?page_id=5"},"modified":"2025-04-23T18:26:48","modified_gmt":"2025-04-23T18:26:48","slug":"icegov2024","status":"publish","type":"page","link":"https:\/\/www.icegov.org\/2024\/","title":{"rendered":"ICEGOV2024"},"content":{"rendered":"\n<div class=\"wp-block-group has-white-color has-text-color has-background has-link-color wp-elements-a5ea158c1c6073d2a5771f1eb82af0e1\" style=\"background-color:#03093a;padding-top:48px;padding-right:40px;padding-bottom:48px;padding-left:40px\"><div class=\"wp-block-group__inner-container is-layout-constrained wp-container-core-group-is-layout-efd29431 wp-block-group-is-layout-constrained\">\n<div class=\"wp-block-columns is-layout-flex wp-container-core-columns-is-layout-9d6595d7 wp-block-columns-is-layout-flex\" id=\"editions-mobile-view\">\n<div class=\"wp-block-column is-layout-flow wp-block-column-is-layout-flow\" style=\"flex-basis:70%\">\n<h6 class=\"wp-block-heading\">EDITION AND THEME<\/h6>\n\n\n\n<h3 class=\"wp-block-heading has-white-color has-text-color has-link-color wp-elements-fce66458463a053b7545226bada2241d\">Trust and Ethical Digital Governance for the World We Want<\/h3>\n\n\n\n<h5 class=\"wp-block-heading\">Pretoria, South Africa<\/h5>\n\n\n\n<h4 class=\"wp-block-heading\">01 &#8211; 04 October 2024<\/h4>\n<\/div>\n\n\n\n<div class=\"wp-block-column is-vertically-aligned-center is-layout-flow wp-block-column-is-layout-flow\" style=\"flex-basis:30%\" id=\"align-left-img\">\n<div class=\"wp-block-group is-content-justification-center is-nowrap is-layout-flex wp-container-core-group-is-layout-94bc23d7 wp-block-group-is-layout-flex\">\n<figure class=\"wp-block-image size-full is-resized\"><img loading=\"lazy\" decoding=\"async\" width=\"2068\" height=\"656\" src=\"https:\/\/www.icegov.org\/2024\/wp-content\/uploads\/sites\/18\/2024\/11\/ICEGOV2024-white-1.png\" alt=\"\" class=\"wp-image-6\" style=\"object-fit:cover;width:305px;height:98px\" srcset=\"https:\/\/www.icegov.org\/2024\/wp-content\/uploads\/sites\/18\/2024\/11\/ICEGOV2024-white-1.png 2068w, https:\/\/www.icegov.org\/2024\/wp-content\/uploads\/sites\/18\/2024\/11\/ICEGOV2024-white-1-300x95.png 300w, https:\/\/www.icegov.org\/2024\/wp-content\/uploads\/sites\/18\/2024\/11\/ICEGOV2024-white-1-1024x325.png 1024w, https:\/\/www.icegov.org\/2024\/wp-content\/uploads\/sites\/18\/2024\/11\/ICEGOV2024-white-1-768x244.png 768w, https:\/\/www.icegov.org\/2024\/wp-content\/uploads\/sites\/18\/2024\/11\/ICEGOV2024-white-1-1536x487.png 1536w, https:\/\/www.icegov.org\/2024\/wp-content\/uploads\/sites\/18\/2024\/11\/ICEGOV2024-white-1-2048x650.png 2048w\" sizes=\"auto, (max-width: 2068px) 100vw, 2068px\" \/><\/figure>\n<\/div>\n<\/div>\n<\/div>\n<\/div><\/div>\n\n\n\n<div class=\"wp-block-group\"><div class=\"wp-block-group__inner-container is-layout-constrained wp-block-group-is-layout-constrained\">\n<div class=\"wp-block-columns is-layout-flex wp-container-core-columns-is-layout-48a00afe wp-block-columns-is-layout-flex\" style=\"padding-right:40px;padding-left:40px\">\n<div class=\"wp-block-column is-layout-flow wp-block-column-is-layout-flow\" style=\"flex-basis:80%\">\n<h2 class=\"wp-block-heading\">Summary<\/h2>\n\n\n\n<h3 class=\"wp-block-heading\" id=\"about\">About<\/h3>\n\n\n\n<p>The 17th edition of the International Conference on Theory and Practice of Electronic Governance \u2013&nbsp;ICEGOV 2024 had South Africa as the host country, with the city of Pretoria&nbsp;setting itself up to be the hotspot of Digital Governance between 1-4 October 2024.<\/p>\n\n\n\n<p>This year\u2019s theme focused on \u201cTrust and Ethical Digital Governance for the World We<br>Want.\u201d Citizen-centric values such as inclusion, participation, engagement, and transparency in government should be at the forefront when it comes to digital governance initiatives. In a networked, globalised, and increasingly data-driven world, in which democracies are put to the test, digital governance continues to play an important role. Citizen-centricity has proven difficult to achieve in practice, and there are challenges and limitations to reaching more democratic, equitable, and inclusive societies through digital governance.<\/p>\n\n\n\n<h3 class=\"wp-block-heading\" id=\"call-for-papers\">Call for Papers<\/h3>\n\n\n\n<p>In response to the Call for Papers (<a href=\"https:\/\/www.icegov.org\/wp-content\/uploads\/2nd_call_for_papers_2024.pdf\">available for download here<\/a>), the conference received a total of 157 submissions written by 383 authors from 38 different countries.  Subsequently, 119 Programme Committee Members originating from 35 countries completed a double-blind peer-review process. This activity resulted in 238 independent reviews.<\/p>\n\n\n\n<h3 class=\"wp-block-heading\" id=\"best-paper-awards\">Best Paper Awards<\/h3>\n\n\n\n<p>The winning papers in each category are shown below. The choices were carried by the&nbsp;<a href=\"https:\/\/www.icegov.org\/edition-2024\/committee\/awards\/\">Awards Committee<\/a>.<\/p>\n\n\n\n<p id=\"best-research-paper\"><strong>Best Research Paper:<\/strong>&nbsp;<\/p>\n\n\n\n<ul class=\"wp-block-list\">\n<li><strong>Equitable AI Audits: evaluating the evaluators in today\u2019s world<\/strong>, by Monique Munarini, James Brusseau, Lorenzo Angeli<\/li>\n<\/ul>\n\n\n\n<p id=\"best-ongoing-research-paper\"><strong>Best Ongoing Research Paper:<\/strong>&nbsp;<\/p>\n\n\n\n<ul class=\"wp-block-list\">\n<li><strong>Causes and Consequences of States\u2019 Responsiveness to the UN E-Government Survey: Exploring the Role of the Member States Questionnaire<\/strong>, by Yury Kabanov<\/li>\n<\/ul>\n\n\n\n<p id=\"best-short-paper\"><\/p>\n\n\n\n<div id=\"statistics\" class=\"wp-block-group\"><div class=\"wp-block-group__inner-container is-layout-flow wp-block-group-is-layout-flow\">\n<h2 class=\"wp-block-heading\" id=\"statistics\">Statistics<\/h2>\n\n\n\n<p><strong>Attendance:<\/strong>&nbsp;330 people<\/p>\n\n\n\n<ul class=\"wp-block-list\">\n<li>Academia: 94 (29%)<\/li>\n\n\n\n<li>Government: 147 (45%)<\/li>\n\n\n\n<li>Industry: 18 (5%)<\/li>\n\n\n\n<li>Civil Society: 37 (11%)<\/li>\n\n\n\n<li>International Organisations: 34 (10%)<\/li>\n<\/ul>\n\n\n\n<p><strong>Gender balance:<\/strong>&nbsp;173 male, 153 female, 4 prefer not to say (52% \/ 46%)<\/p>\n\n\n\n<p><strong>Countries:<\/strong>&nbsp;49<\/p>\n\n\n\n<p><strong>Papers submitted:<\/strong>&nbsp;157<\/p>\n\n\n\n<p><strong>Authors:<\/strong>&nbsp;383 authors from 38 countries<\/p>\n\n\n\n<p><strong>Papers published:<\/strong>&nbsp;63<\/p>\n\n\n\n<p><strong>Acceptance rate:<\/strong>&nbsp;41,4%*<\/p>\n\n\n\n<p><strong>Scholarships awarded:<\/strong>&nbsp;30<\/p>\n\n\n\n<p><strong>Programme Committee:<\/strong>&nbsp;173 members from 35 countries<\/p>\n\n\n\n<p style=\"font-size:9px\">*the acceptance rate includes only full papers.<\/p>\n<\/div><\/div>\n\n\n\n<div id=\"proceedings\" class=\"wp-block-group\"><div class=\"wp-block-group__inner-container is-layout-constrained wp-block-group-is-layout-constrained\">\n<h2 class=\"wp-block-heading\">Proceedings<\/h2>\n\n\n\n<p>#&nbsp;<a href=\"https:\/\/dl.acm.org\/doi\/pdf\/10.1145\/3680127\">ICEGOV \u201924: Proceedings of the 17th International Conference on Theory and Practice of Electronic Governance<\/a>:&nbsp;<em>Soon Ae Chun, Geci Karuri-Sebina, Erico Przeybilovicz.<\/em><\/p>\n<\/div><\/div>\n\n\n\n<div id=\"institutions\" class=\"wp-block-group\"><div class=\"wp-block-group__inner-container is-layout-flow wp-block-group-is-layout-flow\">\n<h2 class=\"wp-block-heading\" id=\"institutions\">Institutions<\/h2>\n\n\n\n<h3 class=\"wp-block-heading\" id=\"patron\">Patron<\/h3>\n\n\n\n<ul class=\"wp-block-list\">\n<li>Department of Public Service and Administration (Republic of South Africa)<\/li>\n<\/ul>\n\n\n\n<h3 class=\"wp-block-heading\" id=\"organisers\">Organisers<\/h3>\n\n\n\n<ul class=\"wp-block-list\">\n<li>University of Witwatersrand, Johannesburg<\/li>\n\n\n\n<li>United Nations University (UNU-EGOV)<\/li>\n\n\n\n<li>The Centre for Public Service Innovation (CPSI)<\/li>\n<\/ul>\n\n\n\n<h3 class=\"wp-block-heading\" id=\"supporters\">Supporters<\/h3>\n\n\n\n<ul class=\"wp-block-list\">\n<li>EDAS<\/li>\n\n\n\n<li>International Conference Proceedings Series published by ACM<\/li>\n\n\n\n<li>UNESCO<\/li>\n<\/ul>\n<\/div><\/div>\n\n\n\n<h2 class=\"wp-block-heading\" id=\"best-short-paper\">Committees<\/h2>\n\n\n\n<h3 class=\"wp-block-heading\" id=\"awards-committee\">Awards Committee<\/h3>\n\n\n\n<p id=\"best-short-paper\"><strong>Tomasz Janowski,&nbsp;<\/strong>Gda\u0144sk University of Technology \u2022&nbsp;<em>Chair<\/em><br><strong>Zheng Lei,<\/strong> Fudan University, China<br><strong>Edimara Luciano,<\/strong> Pontifical Catholic University of Rio Grande do Sul, Brazil<br><strong>Adegboyega Ojo,<\/strong> Carleton University, Canada<br><strong>Paul Plantinga,<\/strong> Human Sciences Research Council, South Africa<\/p>\n\n\n\n<h2 class=\"wp-block-heading\" id=\"best-short-paper\">Programme Committee<\/h2>\n\n\n\n<p>Raul ABRIL, European Commission, Belgium<br>Ayman ALARABIAT, Al-Balqa Applied University, Jordan<br>Adil AL-BUSAIDI, Sultan Qaboos University, Oman<br>Laura ALCAIDE MU\u00d1OZ, University of Granada, Spain<br>Luis ALVAREZ-SABUCEDO, Universidade de Vigo \u2013 AtlanTTic, Spain<br>Xiaomi AN, Renmin University of China, China<br>Fabiano ANG\u00c9LICO, Universit\u00e0 della Svizzera Italiana, Brazil<br>Thiago \u00c1VILA, Business Administration School \u2013 Get\u00falio Vargas Foundation \u2013 FGV-EAESP, Brazil<br>Johanna AWOTWI, Independent Researcher, Ghana<br>Sundar BALAKRISHNA, Government of Andhra Pradesh, India<br>Lu\u00eds Nuno BARBOSA, United Nations University (UNU-EGOV), Portugal<br>Soumaya BEN DHAOU, United Nations University (UNU-EGOV), Portugal<br>Radomir BOLGOV, Saint Petersburg State University, Russia<br>Aymen BOUDEBOUZ, United Nations University (UNU-EGOV), Portugal<br>Mikhail BUNDIN, Lobachevsky State University of Nizhny Novgorod, Russia<br>Joana CARVALHO, United Nations University (UNU-EGOV), Portugal<br>Alejandra CECHICH, Universidad Nacional del Comahue, Argentina<br>Wojciech CELLARY, WSB University in Pozna\u0144, Poland<br>Tao CHEN, Huazhong University of Science and Technology, China<br>Carlos CHES\u00d1EVAR, Universidad Nacional del Sur, Argentina<br>Sunil CHOENNI, Research and Documentation Centre, Ministry of Justice and Security, Netherlands<br>Andrei CHUGUNOV, ITMO University, Russia<br>Fl\u00e1vio CORR\u00caA DA SILVA, Universidade de S\u00e3o Paulo, Brazil<br>Sandra CUNHA, Instituto Polit\u00e9cnico do C\u00e1vado e do Ave, Portugal<br>Alexandra CUNHA, Get\u00falio Vargas Foundation, Brazil<br>Nuno F. DA CRUZ, Univerity of Aveiro, Portugal<br>Vanessa da Rocha Santos ALMEIDA, Brazilian Development Bank, Brazil<br>Rama Khrusna DAS, National Informatics Centre, India<br>Rahul DE\u2019, Indian Institute of Management Bangalore, India<br>Vasiliki DIAMANTOPOULOU, University of the Aegean, Greece<br>Charmaine DISTOR, United Nations University (UNU-EGOV), Portugal<br>Gayatri DOCTOR, CEPT University, India<br>N\u00e9stor DUCH BROWN, European Commission Joint Research Center, Spain<br>D\u00e9bora DUTRA, Universidade do Rio Grande do Sul, Brazil<br>Isabel FERREIRA, Instituto Polit\u00e9cnico do C\u00e1vado e do Ave, Portugal<br>Olga FILATOVA, Saint Petersburg State University, Russia<br>Pablo FILLOTTRANI, Universidad Nacional del Sur, Argentina<br>Maria GINTOVA, McMaster University, Canada<br>H\u00e9lder GOMES, Universidade de Aveiro, Portugal<br>Yiwei GONG, Wuhan University, China<br>Mar\u00eda Paula GONZ\u00c1LEZ, Universidad Nacional del Sur, Argentina<br>Stevan GOSTOJI\u0106, University of Novi Sad, Serbia<br>Dimitris GOUSCOS, National and Kapodistrian University of Athens, Greece<br>Rajan GUPTA, AI&amp;I Lab, Tamaulipas Autonomous University (UAT), Mexico<br>Loni Hagen, University of South Florida, USA<br>Bryan HO, University of Macau, China<br>Yefei HU, Fudan University, China<br>Omar HUJRAN, United Arab Emirates University, United Arab Emirates<br>Jun IIO, Chuo University, Japan<br>Tomasz JANOWSKI, Gda\u0144sk University of Technology, Poland<br>Dada Kayode Sunday JOHN, Ahmadu Bello University, Zaria, Kaduna State, Nigeria<br>Zoran JORDANOSKI, United Nations University (UNU-EGOV), Portugal<br>Kwangho Jung, Seoul National Univ, S. Korea<br>Izabela KAPSA, Kazimierz Wielki University, Poland<br>Fernando KLEIMAN, Delft University of Technology, Netherlands<br>Ralf KLISCHEWSKI, German International University, Germany<br>Panagiotis KOKKINAKOS, National Technical University of Athens, Greece<br>Hiroko KUDO, Chuo University, Japan<br>Mariana LAMEIRAS, Universidade do Minho, Portugal<br>Thomas LAMPOLTSHAMMER, University for Continuing Education Krems, Austria<br>Beatriz LANZA, United Nations University (UNU-EGOV), Portugal<br>Eunmi Lee, Kookmin University , S. Korea<br>Mirian LIMA, Universidade Federal de Ouro Preto, Brazil<br>Xinping LIU, University of Shanghai for Science and Technology, China<br>Galbaatar LKHAGVASUREN, National University of Mongolia, Mongolia<br>Luis F. LUNA-REYES, University at Albany (SUNY), United States<br>Marie Anne MACADAR, Federal University of Rio de Janeiro, Brazil<br>Lorenzo MADRID, Consultant, United States<br>Aimilia MAGKANARAKI, 7th Healthcare Region of Crete, Hellenic Ministry of Health, Greece<br>Ana MAGUITMAN, Universidad Nacional del Sur, Argentina<br>Debendra Kumar MAHALIK, Sambalpur University, Jyoti Vihar, India<br>Mercy Erhi MAKPOR, United Nations University (UNU-EGOV), Portugal<br>F\u00e1bio MARQUES, Universidade de Aveiro, Portugal<br>Jo\u00e3o MARTINS, United Nations University (UNU-EGOV), Portugal<br>Aleksei MARTYNOV, Lobachevsky State University of Nizhny Novgorod, Russia<br>Rony MEDAGLIA, Copenhagen Business School, Denmark<br>Mohammad MEHRAEEN, Ferdowsi University of Mashhad, Iran<br>C\u00edntia MELCHIORI, Funda\u00e7\u00e3o Getulio Vargas \u2013 Sao Paulo School of Managment \u2013 FGV EAESP, Brazil<br>Harekrishna MISRA, Institute of Rural Management Anand, India<br>Gianluca Carlo MISURACA, Politecnico di Milano, Italy<br>Francesco MUREDDU, Lisbon Council, Belgium<br>Mijail NARANJO ZOLOTOV, NOVA Information Management School (NOVA IMS), Universidade NOVA de Lisboa, Portugal<br>Niels NETTEN, WODC (Research and Data Centre), Ministry of Justice and Security, Netherlands<br>Lizzy OFUSORI, University of KwaZulu-Natal, South Africa<br>Alexander PAKHALOV, Lomonosov Moscow State University, Russia<br>Theresa PARDO, Center for Technology in Government, University at Albany (SUNY), United States<br>Anna PICCO-SCHWENDENER, Universit\u00e0 della Svizzera italiana, Switzerland<br>Fernando PINTO, COPPEAD, Brazil<br>Luciana PORTILHO, Brazilian Network Information Center (NIC.br), Brazil<br>Dmitry PROKUDIN, Saint Petersburg State University, Russia<br>Rui QUARESMA, University of \u00c9vora, Portugal<br>Manuella RIBEIRO, CETIC, Brazil<br>Benjamin ROSETH, Inter-American Development Bank, United States<br>Mortaza S. BARGH, Research and Data Centre, Dutch Ministry of Justice and Security, The Hague, Netherlands<br>Jenny Marcela S\u00c1NCHEZ-TORRES, Universidad Nacional de Colombia, Colombia<br>V\u00edtor SANTOS, Universidade NOVA de Lisboa, Portugal<br>Demetrios SARANTIS, United Nations University (UNU-EGOV), Portugal<br>Ay\u015feg\u00fcl SAYLAM, Hacettepe University, T\u00fcrkiye<br>Sven SCHADE, European Commission, Joint Research Centre (JRC), Italy<br>Biancca Nardelli SCHENATZ, Universidade Federal de Ouro Preto, Brazil<br>Ecem Buse SEV\u0130N\u00c7 \u00c7UBUK, Digital Transformation Office of the Presidency of Republic of T\u00fcrkiye, T\u00fcrkiye<br>Jo\u00e3o Marco SILVA, Universidade do Minho, Portugal<br>Kerley SILVA, University of Porto, Portugal<br>Jo\u00e3o Paulo dos Santos da SILVA , UNAMA, Brazil<br>\u00c9rica SIQUEIRA, Funda\u00e7\u00e3o Get\u00falio Vargas, Brazil<br>Delfina SOARES, United Nations University (UNU-EGOV), Portugal<br>Lu\u00eds SOARES BARBOSA, United Nations University (UNU-EGOV), Portugal<br>Ralf-Martin SOE, Tallinn University of Technology, Estonia<br>Kaoru SUNADA, International University of Japan, Japan<br>Deniz SUSAR, United Nations Department of Economic and Social Affairs, United States<br>Dmitrii TRUTNEV, ITMO University, Russia<br>Luiz VARGAS, Federal University of Rio de Janeiro, Brazil<br>Costas VASSILAKIS, University of Peloponnese, Greece<br>Jayan VASUDEVAN, Centre for Development of Advanced Computing, India<br>Lyudmila VIDIASOVA, ITMO University, Russia<br>Gianluigi VISCUSI, Link\u00f6ping University, Sweden<br>Ronny WEINKAUF, University of Applied Sciences Merseburg, Germany<br>Guilherme WIEDENH\u00d6FT, Universidade Federal do Rio Grande, Brazil<br>Tung-Mou YANG, National Taiwan University, Chinese Taipei<\/p>\n<\/div>\n\n\n\n<div class=\"wp-block-column is-layout-flow wp-block-column-is-layout-flow\" style=\"flex-basis:20%\">        <div class=\"lateral-menu\">\n                            <div class=\"lateral-menu-group\">\n                    <div class=\"lateral-menu-header\">\n                        <div class=\"lateral-menu-title\"><a href=\"#\">ICEGOV 2024<\/a>\n                        <\/div>\n                    <\/div>\n                                    <\/div>\n                            <div class=\"lateral-menu-group\">\n                    <div class=\"lateral-menu-header\">\n                        <div class=\"lateral-menu-title\"><a href=\"#summary\">Summary<\/a>\n                        <\/div>\n                    <\/div>\n                                            <ul class=\"lateral-menu-content\">\n                                                            <li><a href=\"#about\">About<\/a><\/li>\n                                                            <li><a href=\"#call-for-papers\">Call for Papers<\/a><\/li>\n                                                            <li><a href=\"#best-paper-awards\">Best Paper Awards<\/a><\/li>\n                                                    <\/ul>\n                                        <\/div>\n                            <div class=\"lateral-menu-group\">\n                    <div class=\"lateral-menu-header\">\n                        <div class=\"lateral-menu-title\"><a href=\"#statistics\">Statistics<\/a>\n                        <\/div>\n                    <\/div>\n                                    <\/div>\n                            <div class=\"lateral-menu-group\">\n                    <div class=\"lateral-menu-header\">\n                        <div class=\"lateral-menu-title\"><a href=\"#proceedings\">Proceedings<\/a>\n                        <\/div>\n                    <\/div>\n                                    <\/div>\n                            <div class=\"lateral-menu-group\">\n                    <div class=\"lateral-menu-header\">\n                        <div class=\"lateral-menu-title\"><a href=\"#institutions\">Institutions<\/a>\n                        <\/div>\n                    <\/div>\n                                            <ul class=\"lateral-menu-content\">\n                                                            <li><a href=\"#patron\">Patron<\/a><\/li>\n                                                            <li><a href=\"#organisers\">Organisers<\/a><\/li>\n                                                            <li><a href=\"#supporters\">Supporters<\/a><\/li>\n                                                    <\/ul>\n                                        <\/div>\n                            <div class=\"lateral-menu-group\">\n                    <div class=\"lateral-menu-header\">\n                        <div class=\"lateral-menu-title\"><a href=\"#committees\">Committees<\/a>\n                        <\/div>\n                    <\/div>\n                                            <ul class=\"lateral-menu-content\">\n                                                            <li><a href=\"#awards-committee\">Awards Committee<\/a><\/li>\n                                                            <li><a href=\"#programme-committee\">Programme Committee<\/a><\/li>\n                                                    <\/ul>\n                                        <\/div>\n                    <\/div>\n        <\/div>\n<\/div>\n<\/div><\/div>\n\n\n\n<p><\/p>\n","protected":false},"excerpt":{"rendered":"<p>EDITION AND THEME Trust and Ethical Digital Governance for the World We Want Pretoria, South Africa 01 &#8211; 04 October 2024 Summary About The 17th edition of the International Conference on Theory and Practice of Electronic Governance \u2013&nbsp;ICEGOV 2024 had South Africa as the host country, with the city of Pretoria&nbsp;setting itself up to be [&hellip;]<\/p>\n","protected":false},"author":3,"featured_media":0,"parent":0,"menu_order":0,"comment_status":"closed","ping_status":"closed","template":"","meta":{"footnotes":""},"class_list":["post-5","page","type-page","status-publish","hentry"],"_links":{"self":[{"href":"https:\/\/www.icegov.org\/2024\/wp-json\/wp\/v2\/pages\/5","targetHints":{"allow":["GET"]}}],"collection":[{"href":"https:\/\/www.icegov.org\/2024\/wp-json\/wp\/v2\/pages"}],"about":[{"href":"https:\/\/www.icegov.org\/2024\/wp-json\/wp\/v2\/types\/page"}],"author":[{"embeddable":true,"href":"https:\/\/www.icegov.org\/2024\/wp-json\/wp\/v2\/users\/3"}],"replies":[{"embeddable":true,"href":"https:\/\/www.icegov.org\/2024\/wp-json\/wp\/v2\/comments?post=5"}],"version-history":[{"count":16,"href":"https:\/\/www.icegov.org\/2024\/wp-json\/wp\/v2\/pages\/5\/revisions"}],"predecessor-version":[{"id":51,"href":"https:\/\/www.icegov.org\/2024\/wp-json\/wp\/v2\/pages\/5\/revisions\/51"}],"wp:attachment":[{"href":"https:\/\/www.icegov.org\/2024\/wp-json\/wp\/v2\/media?parent=5"}],"curies":[{"name":"wp","href":"https:\/\/api.w.org\/{rel}","templated":true}]}}