{"id":5,"date":"2024-11-27T09:58:33","date_gmt":"2024-11-27T09:58:33","guid":{"rendered":"https:\/\/www.icegov.org\/2019\/?page_id=5"},"modified":"2025-04-23T18:32:21","modified_gmt":"2025-04-23T18:32:21","slug":"icegov2019","status":"publish","type":"page","link":"https:\/\/www.icegov.org\/2019\/","title":{"rendered":"ICEGOV2019"},"content":{"rendered":"\n<div class=\"wp-block-group has-white-color has-text-color has-background has-link-color wp-elements-78a18961f555d473765bd15a65b9400c\" style=\"background-color:#00579b;padding-top:48px;padding-right:40px;padding-bottom:48px;padding-left:40px\"><div class=\"wp-block-group__inner-container is-layout-constrained wp-container-core-group-is-layout-efd29431 wp-block-group-is-layout-constrained\">\n<div class=\"wp-block-columns is-layout-flex wp-container-core-columns-is-layout-9d6595d7 wp-block-columns-is-layout-flex\" id=\"editions-mobile-view\">\n<div class=\"wp-block-column is-layout-flow wp-block-column-is-layout-flow\" style=\"flex-basis:70%\">\n<h6 class=\"wp-block-heading\">EDITION AND THEME<\/h6>\n\n\n\n<h3 class=\"wp-block-heading has-white-color has-text-color has-link-color wp-elements-b56eed9ccc3e3d6f8fd9d1afc12d4df7\">Exploring Digital Government Synergies to Foster Equality, Inclusiveness, and Productivity<\/h3>\n\n\n\n<h5 class=\"wp-block-heading\">Melbourne, Australia<\/h5>\n\n\n\n<h4 class=\"wp-block-heading\">3 &#8211; 5 April 2019<\/h4>\n<\/div>\n\n\n\n<div class=\"wp-block-column is-vertically-aligned-center is-layout-flow wp-block-column-is-layout-flow\" style=\"flex-basis:30%\" id=\"align-left-img\">\n<div class=\"wp-block-group is-content-justification-center is-nowrap is-layout-flex wp-container-core-group-is-layout-94bc23d7 wp-block-group-is-layout-flex\">\n<figure class=\"wp-block-image size-full is-resized\"><img loading=\"lazy\" decoding=\"async\" width=\"628\" height=\"200\" src=\"https:\/\/www.icegov.org\/2019\/wp-content\/uploads\/sites\/14\/2024\/11\/archive_logo_2019.png\" alt=\"\" class=\"wp-image-7\" style=\"object-fit:cover;width:305px;height:98px\" srcset=\"https:\/\/www.icegov.org\/2019\/wp-content\/uploads\/sites\/14\/2024\/11\/archive_logo_2019.png 628w, https:\/\/www.icegov.org\/2019\/wp-content\/uploads\/sites\/14\/2024\/11\/archive_logo_2019-300x96.png 300w\" sizes=\"auto, (max-width: 628px) 100vw, 628px\" \/><\/figure>\n<\/div>\n<\/div>\n<\/div>\n<\/div><\/div>\n\n\n\n<div class=\"wp-block-group\"><div class=\"wp-block-group__inner-container is-layout-constrained wp-block-group-is-layout-constrained\">\n<div class=\"wp-block-columns is-layout-flex wp-container-core-columns-is-layout-48a00afe wp-block-columns-is-layout-flex\" style=\"padding-right:40px;padding-left:40px\">\n<div class=\"wp-block-column is-layout-flow wp-block-column-is-layout-flow\" style=\"flex-basis:85%\">\n<div id=\"summary\" class=\"wp-block-group\"><div class=\"wp-block-group__inner-container is-layout-flow wp-block-group-is-layout-flow\">\n<h2 class=\"wp-block-heading\">Summary<\/h2>\n\n\n\n<h3 class=\"wp-block-heading\" id=\"about\">About<\/h3>\n\n\n\n<p>The 12th International Conference on Theory and Practice of Electronic Governance (ICEGOV2019) took place in Melbourne, Australia, from 3 to 5 April 2019. The conference was held under the high patronage of the Digital Transformation Authority, Australian Government. The Royal Melbourne Institute of Technology (RMIT University) co-organised ICEGOV2019 with the United Nations University Operating Unit on Policy-Driven Electronic Governance (UNU-EGOV), which is as well the conference series coordinator. The conference organisation was also supported by the following sponsors: Huawei Technologies, Deloitte \/ Hewlett Packard Enterprise, IBM Corporation, and Springer.<\/p>\n\n\n\n<p>Under the theme&nbsp;<em>Exploring Digital Government Synergies to Foster Equality, Inclusiveness, and Productivity<\/em>, ICEGOV2019 explored how existing and emerging digital technologies can be effectively harnessed to foster inclusiveness, equality, and sustainability. It also addressed the implications and costs associated with the use of such technologies. Several tracks on diverse themes were available for paper submission, ranging from broad topics in the field, such as digital transformation, to more specific topics, such as smart cities, security and privacy, open government, digital citizenship or government research and policy.<\/p>\n\n\n\n<p>ICEGOV2019, much like its past editions , featured a rich programme of Keynote Lectures (6), Plenary Sessions (4), Paper Sessions (12), Invited Sessions (5), Industry Sessions (6), Workshops (6), a Poster Exhibition, and a Doctoral Colloquium, all based on submitted or invited contributions by researchers, experts, policy-makers, and practitioners from around the world. A total of 225 people from 43 different countries attended the conference over its 3-day duration.<\/p>\n\n\n\n<h3 class=\"wp-block-heading\" id=\"call-for-papers\">Call for Papers<\/h3>\n\n\n\n<p>In response to the Call for Papers (<a href=\"\/wp-content\/uploads\/2024\/11\/icegov19-cfp.pdf\" data-type=\"link\" data-id=\"\/wp-content\/uploads\/2024\/11\/icegov19-cfp.pdf\">available for download here<\/a>), the conference received a total of&nbsp;<strong>171<\/strong>&nbsp;submissions written by&nbsp;<strong>329<\/strong>&nbsp;authors from&nbsp;<strong>55<\/strong>&nbsp;different countries. Subsequently, there was a double-blind peer-review process carried out by the Programme Committee (150 people). This review process resulted in&nbsp;<strong>364<\/strong>&nbsp;reviews and&nbsp;<strong>81<\/strong>&nbsp;accepted papers written by&nbsp;<strong>187<\/strong>&nbsp;authors, which are published in the conference proceedings.<\/p>\n\n\n\n<h3 class=\"wp-block-heading\" id=\"best-paper-awards\">Best Paper Awards<\/h3>\n\n\n\n<p>The winning papers in each category are shown below. The choices were carried by the Awards Committee.<\/p>\n\n\n\n<p id=\"best-research-paper\"><strong>Best Research Paper:<\/strong>&nbsp;<a href=\"https:\/\/dl.acm.org\/doi\/10.1145\/3326365.3326387\">Agile Mechanisms for Open Data Process Innovation in Public Sector Organizations: Towards Theory Building<\/a>&nbsp;(F. Ahmadi Zeleti, A. Ojo).<\/p>\n\n\n\n<p id=\"best-experience-paper\"><strong>Best Experience Paper:<\/strong>&nbsp;<a href=\"https:\/\/dl.acm.org\/doi\/10.1145\/3326365.3326367\">Role of Technology in Success of Rural Sanitation Revolution in India<\/a>&nbsp;(S. Sengupta, D. Chandra Misra, M. Chaudhary, O. Aggarwal).<\/p>\n\n\n\n<p id=\"best-poster-paper\"><strong>Best Poster Paper:<\/strong>&nbsp;The Digitalization of Custom Administration and Enterprises Competitiveness in Madagascar (V. Rakotonirina, H. Raoelson).<\/p>\n<\/div><\/div>\n\n\n\n<div id=\"statistics\" class=\"wp-block-group\"><div class=\"wp-block-group__inner-container is-layout-flow wp-block-group-is-layout-flow\">\n<h2 class=\"wp-block-heading\" id=\"statistics\">Statistics<\/h2>\n\n\n\n<p><em>If you would like to obtain more data than what is available on this page, please email your request to&nbsp;<a href=\"mailto:icegov@icegov.org\">icegov@icegov.org<\/a>.<\/em><\/p>\n\n\n\n<p><strong>Attendance:<\/strong>&nbsp;225 people<\/p>\n\n\n\n<ul class=\"wp-block-list\">\n<li>International Organisations: 15 (6%)<\/li>\n\n\n\n<li>Academia: 109 (49%)<\/li>\n\n\n\n<li>Government: 56 (25%)<\/li>\n\n\n\n<li>Industry: 29 (13%)<\/li>\n\n\n\n<li>Other: 16 (7%)<\/li>\n<\/ul>\n\n\n\n<p><strong>Gender balance:<\/strong>&nbsp;155 male, 70 female (69% \/ 31%)<\/p>\n\n\n\n<p><strong>Countries:<\/strong>&nbsp;43<\/p>\n\n\n\n<p><strong>Country distribution:<\/strong>&nbsp;18 developed countries, 25 developing countries (41% \/ 59%)<\/p>\n\n\n\n<p><strong>Papers submitted:<\/strong>&nbsp;171<\/p>\n\n\n\n<p><strong>Authors:<\/strong>&nbsp;329 authors from 55 countries<\/p>\n\n\n\n<p><strong>Papers published:<\/strong>&nbsp;62<\/p>\n\n\n\n<p><strong>Acceptance rate:<\/strong>&nbsp;36%*<\/p>\n\n\n\n<p><strong>Scholarships awarded:<\/strong>&nbsp;31<\/p>\n\n\n\n<p><strong>Programme Committee:<\/strong>&nbsp;147 members from 47 countries<\/p>\n\n\n\n<p style=\"font-size:9px\">*the acceptance rate includes only full and short papers; poster papers, workshops or invited talks are not considered.<\/p>\n<\/div><\/div>\n\n\n\n<div id=\"institutions\" class=\"wp-block-group\"><div class=\"wp-block-group__inner-container is-layout-flow wp-block-group-is-layout-flow\">\n<h2 class=\"wp-block-heading\" id=\"institutions\">Institutions<\/h2>\n\n\n\n<h3 class=\"wp-block-heading\" id=\"patron\">Patron<\/h3>\n\n\n\n<ul class=\"wp-block-list\">\n<li>Digital Transformation Agency, Australian Government<\/li>\n<\/ul>\n\n\n\n<h3 class=\"wp-block-heading\" id=\"organisers\">Organisers<\/h3>\n\n\n\n<ul class=\"wp-block-list\">\n<li>Royal Melbourne Institute of Technology<\/li>\n\n\n\n<li>United Nations University Operating Unit on Policy-Driven Electronic Governance (UNU-EGOV)<\/li>\n<\/ul>\n<\/div><\/div>\n\n\n\n<div id=\"committees\" class=\"wp-block-group\"><div class=\"wp-block-group__inner-container is-layout-flow wp-block-group-is-layout-flow\">\n<h2 class=\"wp-block-heading\" id=\"comittees\">Committees<\/h2>\n\n\n\n<h3 class=\"wp-block-heading\" id=\"conference-chairs\">Conference Chairs<\/h3>\n\n\n\n<p>Michael KEENAN, Minister for Human Services and Digital Transformation, Australian Government<br>David M. MALONE, Rector of the United Nations University, Japan<\/p>\n\n\n\n<h3 class=\"wp-block-heading\" id=\"conference-committee\">Conference Committee<\/h3>\n\n\n\n<p>Soumaya BEN DHAOU, United Nations University (UNU-EGOV), Portugal \u2022 PC Chair<br>Lemuria CARTER, University of New South Wales, Australia \u2022 PC Chair<br>Mark Gregory, RMIT University, Australia \u2022 PC Chair<br>Chris McCONVILLE, RMIT University, Australia \u2022 Organisation Chair<br>Elisabete SIM\u00d5ES, United Nations University (UNU-EGOV), Portugal \u2022 Organisation Chair<br>Mariana LAMEIRAS, United Nations University (UNU-EGOV), Portugal \u2022 Workshops Chair<br>Morten MEYERHOFF NIELSEN, United Nations University (UNU-EGOV), Portugal \u2022 Invited Sessions Chair<br>M\u00e1rio PEIXOTO, United Nations University (UNU-EGOV), Portugal \u2022 Communications Chair<br>Cristina BRAGA, United Nations University (UNU-EGOV), Portugal \u2022 ICEGOV Secretariat<br>Jos\u00e9 FARIA, United Nations University (UNU-EGOV), Portugal \u2022 ICEGOV Secretariat<\/p>\n\n\n\n<h3 class=\"wp-block-heading\" id=\"steering-committee\">ICEGOV Steering Committee (2019)<\/h3>\n\n\n\n<p>Theresa A. PARDO, Center for Technology in Government, University at Albany (SUNY), USA<br>John BERTOT, University of Maryland, USA<br>Jo\u00e3o \u00c1lvaro CARVALHO, University of Minho, Portugal<br>Wojciech CELLARY, Pozna? University of Economics and Business, Poland<br>Elsa ESTEVEZ, National University of the South, Argentina (Chair)<br>Paul HECTOR, UNESCO Regional Bureau for Sciences in the Arab States, Egypt<br>Tomasz JANOWSKI, Technical University of Gda?sk, Poland<br>Marijn JANSSEN, Delft University of Technology, Netherlands<br>Atreyi KANKANHALLI, National University of Singapore, Singapore<br>Adegboyega OJO, National University of Ireland Galway, Ireland<br>Peter PARYCEK, Danube University Krems, Austria<br>Delfina SOARES, United Nations University (UNU-EGOV), Portugal<br>Lu\u00eds SOARES BARBOSA, United Nations University (UNU-EGOV), Portugal<\/p>\n\n\n\n<h3 class=\"wp-block-heading\" id=\"awards-committee\">Awards Committee<\/h3>\n\n\n\n<p>Jo\u00e3o \u00c1lvaro CARVALHO, University of Minho, Portugal (Chair)<br>Soumaya BEN DHAOU, United Nations University (UNU-EGOV), Portugal<br>Zeineb OUNI, the University of Quebec in Trois-Rivieres, Canada<br>Rui QUARESMA, University of \u00c9vora, Portugal<\/p>\n\n\n\n<h3 class=\"wp-block-heading\" id=\"programme-committee\">Programme Committee<\/h3>\n\n\n\n<p>Theresa A. PARDO, Center for Technology in Government, University at Albany SUNY, USA<br>Jorge ABIN, AGESIC, Uruguay<br>Gbenga ADEBUSUYI, State Government of Osun, Nigeria<br>Steve ADESHINA, Nile University of Nigeria, Nigeria<br>Fatemeh AHMADI ZELETI, National University of Ireland Galway, Ireland<br>Erwin ALAMPAY, University of the Philippines, Philippines<br>Ayman ALARABIAT, University of Minho, Portugal<br>Salma AL-BURTAMANI, Information Technology Authority, Oman<br>Ali AL-LAWATI, Information Technology Authority, Oman<br>Hamed AL-SHEKAILI, Information Technology Authority, Oman<br>Charalampos ALEXOPOULOS, University of the Aegean, Greece<br>Lu\u00eds AMARAL, University of Minho, Portugal<br>Dennis ANDERSON, St. Francis College, USA<br>Aggeliki ANDROUTSOPOULOU, University of the Aegean, Greece<br>Leonidas ANTHOPOULOS, University of Applied Science (TEI) of Larissa, Greece<br>Wagner ARAUJO, United Nations University (UNU-EGOV), Portugal<br>Irfanullah ARFEEN, Quaid-i-Azam University, Pakistan<br>Johanna AWOTWI, Centre on e-Governance, Ghana<br>Majed AYYAD, University of Trento, Italy<br>Mesfin BELACHEW, Agricultural Transformation Agency (ATA), Ethiopia<br>Soumaya BEN DHAOU, United Nations University (UNU-EGOV), Portugal<br>Hatem BEN-STA, the University of Tunis at El Manar, Tunisia<br>Jaroslav BERCE, University of Ljubljana, Slovenia<br>Lasse BERNTZEN, University College of Southeast Norway, Norway<br>Hasnain BOKHARI, University of Erfurt, Germany<br>Catarina BRAGAN\u00c7A, United Nations University (UNU-EGOV), Portugal<br>Luca BUCCOLIERO, Bocconi University, Italy<br>Lu\u00eds M. CAMARINHA-MATOS, Lisbon University, Portugal<br>Lorenzo CANTONI, Universit\u00e0 della Svizzera italiana, Switzerland<br>Lemuria CARTER, University of New South Wales<br>Javier CARRANZA TORRES TRESOLDI, GeoCensos, Colombia<br>Joana CARVALHO, University of Minho, Portugal<br>Jo\u00e3o \u00c1lvaro CARVALHO, United Nations University (UNU-EGOV), Portugal<br>Nuno CARVALHO, United Nations University (UNU-EGOV), Portugal<br>Alejandra CECHICH, National University of Comahue, Argentina<br>Wojciech CELLARY, Pozna? University of Economics and Business, Poland<br>Carlos CHES\u00d1EVAR, National University of the South, Argentina<br>Sunil CHOENNI, Research and Documentation Centre (WODC), Netherlands<br>Andrei CHUGUNOV, ITMO University, Russia<br>Soon CHUN, City University of New York, USA<br>Gaston CONCHA, University Santa Maria, Chile<br>Meghan COOK, Center for Technology in Government, University at Albany (SUNY), USA<br>Flavio CORR\u00caA DA SILVA, University of S\u00e3o Paulo, Brazil<br>Frank DANIELSEN, University of Agder, Norway<br>Rahul DE\u2019, Indian Institute of Management Bangalore, India<br>Dongpo DENG, Independent Researcher, Chinese Taipei<br>Vasiliki DIAMANTOPOULOU, University of the Aegean, Greece<br>Gon\u00e7alo DIAS, University of Aveiro, Portugal<br>D\u00e9bora DUTRA, State University of Rio Grande do Sul, Brazil<br>Elsa ESTEVEZ, National University of the South, Argentina<br>Herilala FANOMEZANTSOA, World Bank, Madagascar<br>Shahid FAROOQ, Government of the Punjab, Pakistan<br>Isabel FERREIRA, Polytechnic Institute of C\u00e1vado and Ave, Portugal<br>Pablo FILLOTTRANI, National University of the South, Argentina<br>V\u00edtor FONTE, United Nations University (UNU-EGOV), Portugal<br>Tagelsir GASMELSEID, International University of Africa, Sudan<br>Louis GEOFFROY-TERRYN, University of Milan, Italy<br>Ramon GIL-GARCIA, Center for Technology in Government, University at Albany (SUNY), USA<br>Maria GINTOVA, Ryerson University, Canada<br>Nato GODERDZISHVILI, Data Exchange Agency, Georgia<br>Yiwei GONG, Wuhan University, China<br>Viktor GRECHYN, RMIT University, Australia<br>Mark GREGORY, RMIT University, Australia<br>Roger HARRIS, Roger Harris Associates, Hong Kong SAR<br>Mathias HATAKKA, Dalarna University, Sweden<br>Paul HECTOR, UNESCO Regional Bureau for Sciences in the Arab States, Egypt<br>Bryan HO, University of Macau, Macau SAR<br>Tupokigwe ISAGAH, University of Koblenz-Landau, Germany<br>Thomas J. LAMPOLTSHAMMER, Danube University Krems, Austria<br>Tomasz JANOWSKI, Technical University of Gda?sk, Poland<br>Marijn JANSSEN, Delft University of Technology, Netherlands<br>Carlos JIM\u00c9NEZ, IEEE e-Government, Spain<br>Zoran JORDANOSKI, United Nations University (UNU-EGOV), Portugal<br>Yury KABANOV, National Research University Higher School of Economics, Russia<br>Paul KARIUKI, University of KwaZulu-Natal, South Africa<br>Ralf KLISCHEWSKI, German University in Cairo, Egypt<br>Robert KRIMMER, Tallinn University of Technology, Estonia<br>Hiroko KUDO, Chuo University, Japan<br>Zoi LACHANA, University of the Aegean, Greece<br>Mariana LAMEIRAS, United Nations University (UNU-EGOV), Portugal<br>Jungwoo LEE, Yonsei University, Republic of Korea<br>Calvin LEONG, MSARG, Macau SAR<br>Shuo LI, RMIT University, Australia<br>Dapeng LIU, Virginia Commonwealth University, USA<br>Rui LOUREN\u00c7O, University of Coimbra, Portugal<br>Lu\u00eds F. LUNA-REYES, University at Albany (SUNY), USA<br>Lorenzo MADRID, Smart City Business Institute, USA<br>More MANDA, MERSETA, South Africa<br>Jenny Marcela MARCELA SANCHEZ-TORRES, National University of Colombia, Colombia<br>Jo\u00e3o MARCO C. SILVA, University of Minho and INESC-TEC, Portugal<br>Glenn MATTHEWS, RMIT University, Australia<br>Rony MEDAGLIA, Copenhagen Business School, Denmark<br>Sehl MELLOULI, Laval University, Canada<br>Diana MESQUITA, United Nations University (UNU-EGOV), Portugal<br>Morten MEYERHOFF NIELSEN, United Nations University (UNU-EGOV), Portugal<br>Jeremy MILLARD, Third Millennium Governance, Denmark<br>Yuri MISNIKOV, e-Governance Academy, Estonia<br>Harekrishna MISRA, Institute of Rural Management Anand, India<br>Maria Helena MONTEIRO, Lisbon University, Portugal<br>Taewoo NAM, Sungkyunkwan University, Republic of Korea<br>Niels NETTEN, Research and Documentation Centre (WODC), Netherlands<br>Nikolaos NOMIKOS, University of the Aegean, Greece<br>Lizzy OFUSORI, University of KwaZulu-Natal, South Africa<br>Adegboyega OJO, National University of Ireland Galway, Ireland<br>Jo\u00e3o Lu\u00eds OLIVEIRA MARTINS, United Nations University (UNU-EGOV), Portugal<br>Craig ORGERON, MS Department of IT Services, USA<br>Gatis OZOLS, Ministry of Environmental Protection and Regional Development, Estonia<br>Shan PAN, University of New South Wales, Australia<br>Ilias PAPPAS, University of Agder, Norway<br>Vassilios PERISTERAS, International Hellenic University, Greece<br>Anna PICCO-SCHWENDENER, Universit\u00e0 della Svizzera Italiana, Switzerland<br>Marta POBLET BALCELL, RMIT University, Australia<br>Lukasz PORWOL, National University of Ireland Galway, Ireland<br>Devendra POTNIS, the University of Tennessee at Knoxville, USA<br>Amit PRAKASH, International Institute of Information Technology Bangalore, India<br>Marco PRANDINI, University of Bologne, Italy<br>Rui QUARESMA, University of \u00c9vora, Portugal<br>Voahangy RAKOTONIRINA, University of Antananarivo, Madagascar<br>Manuel Pedro RODR\u00cdGUEZ BOL\u00cdVAR, University of Granada, Spain<br>Christian RUPP, Federal Chancellery, Austria<br>Edgar Alejandro RUVALCABA GOMEZ, Madrid Autonomous University, Spain<br>Alexander RYJOV, Moscow State University, Russia<br>Mortaza S. BARGH, Rotterdam University of Applied Sciences, Netherlands<br>Dimitrios SARANTIS, United Nations University (UNU-EGOV), Portugal<br>Vaibhav SHAH, United Nations University (UNU-EGOV), Portugal<br>Muhaemin SIDIQ, muhaem.in, India<br>Hamida SKANDRANI, Institut Sup\u00e9rieur de Comptabilit\u00e9 et d\u2019Administration des Entreprises, Tunisia<br>Eriks SNEIDERS, Stockholm University, Sweden<br>Delfina SOARES, United Nations University (UNU-EGOV), Portugal<br>Lu\u00eds SOARES BARBOSA, United Nations University (UNU-EGOV), Portugal<br>Andrzej SOBCZAK, Warsaw School of Economics, Poland<br>Fabro STEIBEL, ITS Rio and Laboratory for Creative Cities ESPM Rio, Brazil<br>Evgeny STYRIN, National Research University Higher School of Economics, Russia<br>Efthimios TAMBOURIS, University of Macedonia, Greece<br>Felix TAN, University of New South Wales, Australia<br>Ant\u00f3nio TAVARES, United Nations University (UNU-EGOV), Portugal<br>Louise THOMASEN, coThomasen, Denmark<br>Dmitrii TRUTNEV, ITMO University, Russia<br>Hsien-Lee TSENG, Taiwan e-Governance Research Center, Chinese Taipei<br>David VALLE-CRUZ, Autonomous University of the State of Mexico, Mexico<br>Gabriela VIALE PEREIRA, Danube University Krems, Austria<br>Lyudmila VIDIASOVA, ITMO University, Russia<br>Merrill WARKENTIN, Mississippi State University, USA<br>Peter WINSTANLEY, Scottish Government, United Kingdom<br>Tung-Mou YANG, National Taiwan University, Chinese Taipei<br>Moinul ZABER, University of Dhaka, Bangladesh<br>Jing ZHANG, Clark University, USA<br>Franklin ZIGGAH, National Information Technology Agency, Ghana<br>Saleem ZOUGHBI, International Advisor, Palestine<br>Cristina ZUBILLAGA, AGESIC, Uruguay<\/p>\n<\/div><\/div>\n\n\n\n<div id=\"programme\" class=\"wp-block-group\"><div class=\"wp-block-group__inner-container is-layout-flow wp-block-group-is-layout-flow\">\n<h2 class=\"wp-block-heading\" id=\"programme\">Programme<\/h2>\n\n\n\n<h3 class=\"wp-block-heading\" id=\"sessions\">Sessions<\/h3>\n\n\n\n<p>The full programme of the conference is available <a href=\"\/wp-content\/uploads\/2024\/11\/icegov19-programme.pdf\" data-type=\"link\" data-id=\"\/wp-content\/uploads\/2024\/11\/icegov19-programme.pdf\">for download here<\/a>.<\/p>\n<\/div><\/div>\n<\/div>\n\n\n\n<div class=\"wp-block-column is-layout-flow wp-block-column-is-layout-flow\" style=\"flex-basis:20%\">        <div class=\"lateral-menu\">\n                            <div class=\"lateral-menu-group\">\n                    <div class=\"lateral-menu-header\">\n                        <div class=\"lateral-menu-title\"><a href=\"#\">ICEGOV 2019<\/a>\n                        <\/div>\n                    <\/div>\n                                    <\/div>\n                            <div class=\"lateral-menu-group\">\n                    <div class=\"lateral-menu-header\">\n                        <div class=\"lateral-menu-title\"><a href=\"#summary\">Summary<\/a>\n                        <\/div>\n                    <\/div>\n                                            <ul class=\"lateral-menu-content\">\n                                                            <li><a href=\"#about\">About<\/a><\/li>\n                                                            <li><a href=\"#call-for-papers\">Call for Papers<\/a><\/li>\n                                                            <li><a href=\"#best-paper-awards\">Best Paper Awards<\/a><\/li>\n                                                    <\/ul>\n                                        <\/div>\n                            <div class=\"lateral-menu-group\">\n                    <div class=\"lateral-menu-header\">\n                        <div class=\"lateral-menu-title\"><a href=\"#statistics\">Statistics<\/a>\n                        <\/div>\n                    <\/div>\n                                    <\/div>\n                            <div class=\"lateral-menu-group\">\n                    <div class=\"lateral-menu-header\">\n                        <div class=\"lateral-menu-title\"><a href=\"#institutions\">Institutions<\/a>\n                        <\/div>\n                    <\/div>\n                                            <ul class=\"lateral-menu-content\">\n                                                            <li><a href=\"#patron\">Patron<\/a><\/li>\n                                                            <li><a href=\"#organisers\">Organisers<\/a><\/li>\n                                                    <\/ul>\n                                        <\/div>\n                            <div class=\"lateral-menu-group\">\n                    <div class=\"lateral-menu-header\">\n                        <div class=\"lateral-menu-title\"><a href=\"#comittees\">Committees<\/a>\n                        <\/div>\n                    <\/div>\n                                            <ul class=\"lateral-menu-content\">\n                                                            <li><a href=\"#conference-chairs\">Conference Chairs<\/a><\/li>\n                                                            <li><a href=\"#conference-committee\">Conference Committee<\/a><\/li>\n                                                            <li><a href=\"#steering-committee\">ICEGOV Steering Committee (2019)<\/a><\/li>\n                                                            <li><a href=\"#awards-committee\">Awards Committee<\/a><\/li>\n                                                            <li><a href=\"#programme-committee\">Programme Committee<\/a><\/li>\n                                                    <\/ul>\n                                        <\/div>\n                            <div class=\"lateral-menu-group\">\n                    <div class=\"lateral-menu-header\">\n                        <div class=\"lateral-menu-title\"><a href=\"#programme\">Programme<\/a>\n                        <\/div>\n                    <\/div>\n                                            <ul class=\"lateral-menu-content\">\n                                                            <li><a href=\"#sessions\">Sessions<\/a><\/li>\n                                                    <\/ul>\n                                        <\/div>\n                    <\/div>\n        <\/div>\n<\/div>\n<\/div><\/div>\n","protected":false},"excerpt":{"rendered":"<p>EDITION AND THEME Exploring Digital Government Synergies to Foster Equality, Inclusiveness, and Productivity Melbourne, Australia 3 &#8211; 5 April 2019 Summary About The 12th International Conference on Theory and Practice of Electronic Governance (ICEGOV2019) took place in Melbourne, Australia, from 3 to 5 April 2019. The conference was held under the high patronage of the [&hellip;]<\/p>\n","protected":false},"author":3,"featured_media":0,"parent":0,"menu_order":0,"comment_status":"closed","ping_status":"closed","template":"","meta":{"footnotes":""},"class_list":["post-5","page","type-page","status-publish","hentry"],"_links":{"self":[{"href":"https:\/\/www.icegov.org\/2019\/wp-json\/wp\/v2\/pages\/5","targetHints":{"allow":["GET"]}}],"collection":[{"href":"https:\/\/www.icegov.org\/2019\/wp-json\/wp\/v2\/pages"}],"about":[{"href":"https:\/\/www.icegov.org\/2019\/wp-json\/wp\/v2\/types\/page"}],"author":[{"embeddable":true,"href":"https:\/\/www.icegov.org\/2019\/wp-json\/wp\/v2\/users\/3"}],"replies":[{"embeddable":true,"href":"https:\/\/www.icegov.org\/2019\/wp-json\/wp\/v2\/comments?post=5"}],"version-history":[{"count":5,"href":"https:\/\/www.icegov.org\/2019\/wp-json\/wp\/v2\/pages\/5\/revisions"}],"predecessor-version":[{"id":23,"href":"https:\/\/www.icegov.org\/2019\/wp-json\/wp\/v2\/pages\/5\/revisions\/23"}],"wp:attachment":[{"href":"https:\/\/www.icegov.org\/2019\/wp-json\/wp\/v2\/media?parent=5"}],"curies":[{"name":"wp","href":"https:\/\/api.w.org\/{rel}","templated":true}]}}