{"id":5,"date":"2024-11-27T09:55:01","date_gmt":"2024-11-27T09:55:01","guid":{"rendered":"https:\/\/www.icegov.org\/2018\/?page_id=5"},"modified":"2024-11-29T14:58:51","modified_gmt":"2024-11-29T14:58:51","slug":"icegov2018","status":"publish","type":"page","link":"https:\/\/www.icegov.org\/2018\/","title":{"rendered":"ICEGOV2018"},"content":{"rendered":"\n<div class=\"wp-block-group has-white-color has-text-color has-background has-link-color wp-elements-38bf7c7740821bc9566781103c4eb93d\" style=\"background-color:#169b62;padding-top:48px;padding-right:40px;padding-bottom:48px;padding-left:40px\"><div class=\"wp-block-group__inner-container is-layout-constrained wp-container-core-group-is-layout-efd29431 wp-block-group-is-layout-constrained\">\n<div class=\"wp-block-columns is-layout-flex wp-container-core-columns-is-layout-9d6595d7 wp-block-columns-is-layout-flex\" id=\"editions-mobile-view\">\n<div class=\"wp-block-column is-layout-flow wp-block-column-is-layout-flow\" style=\"flex-basis:70%\">\n<h6 class=\"wp-block-heading\">EDITION AND THEME<\/h6>\n\n\n\n<h3 class=\"wp-block-heading has-white-color has-text-color has-link-color wp-elements-974585039f7b77ddb2e93b7e328af5d2\">Transforming Digital Governance for Sustainable and Resilient Societies<\/h3>\n\n\n\n<h5 class=\"wp-block-heading\">Galway, Ireland<\/h5>\n\n\n\n<h4 class=\"wp-block-heading\">4 &#8211; 6 April 2018<\/h4>\n<\/div>\n\n\n\n<div class=\"wp-block-column is-vertically-aligned-center is-layout-flow wp-block-column-is-layout-flow\" style=\"flex-basis:30%\" id=\"align-left-img\">\n<div class=\"wp-block-group is-content-justification-center is-nowrap is-layout-flex wp-container-core-group-is-layout-94bc23d7 wp-block-group-is-layout-flex\">\n<figure class=\"wp-block-image size-full is-resized\"><img loading=\"lazy\" decoding=\"async\" width=\"1120\" height=\"356\" src=\"https:\/\/www.icegov.org\/2018\/wp-content\/uploads\/sites\/13\/2024\/11\/archive_logo_2018.png\" alt=\"\" class=\"wp-image-8\" style=\"object-fit:cover;width:305px;height:98px\" srcset=\"https:\/\/www.icegov.org\/2018\/wp-content\/uploads\/sites\/13\/2024\/11\/archive_logo_2018.png 1120w, https:\/\/www.icegov.org\/2018\/wp-content\/uploads\/sites\/13\/2024\/11\/archive_logo_2018-300x95.png 300w, https:\/\/www.icegov.org\/2018\/wp-content\/uploads\/sites\/13\/2024\/11\/archive_logo_2018-1024x325.png 1024w, https:\/\/www.icegov.org\/2018\/wp-content\/uploads\/sites\/13\/2024\/11\/archive_logo_2018-768x244.png 768w\" sizes=\"auto, (max-width: 1120px) 100vw, 1120px\" \/><\/figure>\n<\/div>\n<\/div>\n<\/div>\n<\/div><\/div>\n\n\n\n<div class=\"wp-block-group\"><div class=\"wp-block-group__inner-container is-layout-constrained wp-block-group-is-layout-constrained\">\n<div class=\"wp-block-columns is-layout-flex wp-container-core-columns-is-layout-48a00afe wp-block-columns-is-layout-flex\" style=\"padding-right:40px;padding-left:40px\">\n<div class=\"wp-block-column is-layout-flow wp-block-column-is-layout-flow\" style=\"flex-basis:85%\">\n<div id=\"summary\" class=\"wp-block-group\"><div class=\"wp-block-group__inner-container is-layout-flow wp-block-group-is-layout-flow\">\n<h2 class=\"wp-block-heading\">Summary<\/h2>\n\n\n\n<h3 class=\"wp-block-heading\" id=\"about\">About<\/h3>\n\n\n\n<p>The 11th International Conference on Theory and Practice of Electronic Governance (ICEGOV2018) took place in Galway, Ireland, between 4 and 6 April 2018. The conference was held under the high patronage of the Department of Public Expenditure and Reform (DPER), Government of Ireland. The Insight Centre for Data Analytics, part of the National University of Ireland Galway, co-organised ICEGOV2018 with the United Nations University Operating Unit on Policy-Driven Electronic Governance (UNU-EGOV), the latter also serving as the ICEGOV Series Organizer. The United Nations Educational, Scientific and Cultural Organization (UNESCO) acted as a collaborator.<\/p>\n\n\n\n<p>Continuing the ICEGOV tradition, ICEGOV2018 featured a rich academic, capacity-building and network-building programme (<a href=\"\/wp-content\/uploads\/2024\/11\/icegov18-programme.pdf\">available for download here<\/a>) of keynote lectures, plenary sessions, track sessions, invited sessions, a poster exhibition, and a doctoral colloquium, all based on submitted or invited contributions by researchers, experts, policy-makers, and practitioners from around the world.<\/p>\n\n\n\n<h3 class=\"wp-block-heading\" id=\"call-for-papers\">Call for Papers<\/h3>\n\n\n\n<p>In response to the Call for Papers (<a href=\"\/wp-content\/uploads\/2024\/11\/icegov18-cfp.pdf\">available for download here<\/a>), ICEGOV2018 received a total of 183 submissions written by 378 authors from 60 countries and economies. Subsequently, there was a double-blind peer-review process carried out by the Programme Committee. On this basis, 107 papers were accepted, including 73 full papers, 7 short papers, 22 posters and 5 doctoral research papers. However, 3 papers were later withdrawn, leaving a total of 104 papers that were then revised to address the comments received from the reviewers and were presented at the conference as part of the Track Sessions, the Poster Exhibition, and the Doctoral Colloquium, and are included in the conference proceedings.<\/p>\n\n\n\n<p>A poster exhibition was organized in a reception style to allow authors to present their ongoing work, receive feedback, and engage in discussions and networking. A total of 22 posters were accepted for the conference and presented at the Poster Exhibition.<\/p>\n\n\n\n<p>An interactive Doctoral Colloquium took place on 3 April 2018, providing doctoral students from different disciplines an opportunity to present their accepted papers and discuss a variety of EGOV topics and issues associated with their research work, dissertations, and career plans. During the Colloquium, 5 PhD students presented their research work and received feedback from senior faculty members.<\/p>\n\n\n\n<h3 class=\"wp-block-heading\" id=\"best-paper-awards\">Best Paper Awards<\/h3>\n\n\n\n<p>The conference also organized awards for the Best Research Paper, Best Experience Paper and Best Poster categories. All categories were chosen by the Awards Committee. The winning papers are shown below.<\/p>\n\n\n\n<p><strong>Best research paper:<\/strong> <a href=\"https:\/\/dl.acm.org\/doi\/10.1145\/3209415.3209461\" data-type=\"link\" data-id=\"https:\/\/dl.acm.org\/doi\/10.1145\/3209415.3209461\">Continued Intention to Use Online Participatory Budgeting: The Effect of Empowerment and Habit<\/a> by Mijail Naranjo Zolotov, Tiago Oliveira and Sven Casteleyn.<\/p>\n\n\n\n<p><strong>Best Experience Paper:<\/strong> <a href=\"https:\/\/dl.acm.org\/doi\/abs\/10.1145\/3209415.3209487\" data-type=\"link\" data-id=\"https:\/\/dl.acm.org\/doi\/abs\/10.1145\/3209415.3209487\">Convergence or Conflict? Digital Identities vs. Citizenship Rights: Case Study of Unique Identification Number, Aadhaar, in India<\/a> by Martha A. Avila-Maravilla and Nidhi Vij Mali.<\/p>\n\n\n\n<p id=\"best-poster-paper\"><strong>Best Poster Paper:<\/strong> <a href=\"https:\/\/dl.acm.org\/doi\/10.1145\/3209415.3209496\" data-type=\"link\" data-id=\"https:\/\/dl.acm.org\/doi\/10.1145\/3209415.3209496\">Serious Gaming for Developing Open Government Data Policies by Local Governments<\/a> by Fernando Kleiman, Marijn Janssen and Sebastiaan Meijer.<\/p>\n<\/div><\/div>\n\n\n\n<div id=\"statistics\" class=\"wp-block-group\"><div class=\"wp-block-group__inner-container is-layout-flow wp-block-group-is-layout-flow\">\n<h2 class=\"wp-block-heading\" id=\"statistics\">Statistics<\/h2>\n\n\n\n<p>If you would like more data than what is available on this page, please email your request to <a href=\"mailto:icegov@icegov.org\">icegov@icegov.org<\/a>.<\/p>\n\n\n\n<p><strong>Attendance:<\/strong> 157 people<\/p>\n\n\n\n<p><strong>Gender balance:<\/strong>&nbsp;108 male, 49 female (69% \/ 31%)<\/p>\n\n\n\n<p><strong>Countries:<\/strong>&nbsp;48<\/p>\n\n\n\n<p><strong>Country distribution:<\/strong>&nbsp;22 developed countries, 26 developing countries (46% \/ 54%)<\/p>\n\n\n\n<p><strong>Papers submitted:<\/strong>&nbsp;183<\/p>\n\n\n\n<p><strong>Authors:<\/strong>&nbsp;378 authors from 60 countries<\/p>\n\n\n\n<p><strong>Papers published:<\/strong>&nbsp;104<\/p>\n\n\n\n<p><strong>Acceptance rate:<\/strong>&nbsp;45%*<\/p>\n\n\n\n<p><strong>Scholarships awarded:<\/strong>&nbsp;37<\/p>\n\n\n\n<p><strong>Programme Committee:<\/strong>&nbsp;121 members from 41 countries<\/p>\n\n\n\n<p style=\"font-size:9px\">*the acceptance rate includes only full and short papers; poster papers, workshops or invited talks are not considered.<\/p>\n<\/div><\/div>\n\n\n\n<div id=\"institutions\" class=\"wp-block-group\"><div class=\"wp-block-group__inner-container is-layout-flow wp-block-group-is-layout-flow\">\n<h2 class=\"wp-block-heading\" id=\"institutions\">Institutions<\/h2>\n\n\n\n<p id=\"patron\"><strong>Patron:<\/strong> Department of Public Expenditure and Reform, Government of Ireland<\/p>\n\n\n\n<p id=\"organisers\"><strong>Organisers:<\/strong> Insight Centre for Data Analytics \u2013 National University of Ireland Galway, United Nations University Operating Unit on Policy-Driven Electronic Governance (UNU-EGOV)<\/p>\n\n\n\n<p id=\"in-collaboration-with\"><strong>In collaboration with:<\/strong> United Nations Educational, Scientific and Cultural Organization (UNESCO)<\/p>\n\n\n\n<h3 class=\"wp-block-heading\" id=\"sponsors\">Sponsors<\/h3>\n\n\n\n<p>Science Foundation Ireland<br>Failte Ireland<\/p>\n\n\n\n<h3 class=\"wp-block-heading\" id=\"academic-partners\">Academic Partners<\/h3>\n\n\n\n<p>Universidad Nacional del Sur, Argentina<\/p>\n<\/div><\/div>\n\n\n\n<div class=\"wp-block-group\"><div class=\"wp-block-group__inner-container is-layout-flow wp-block-group-is-layout-flow\">\n<h2 class=\"wp-block-heading\" id=\"committees\">Committees<\/h2>\n\n\n\n<h3 class=\"wp-block-heading\" id=\"conference-chairs\">Conference Chairs<\/h3>\n\n\n\n<p>Oliver DANIELS, INSIGHT Centre for Data Analytics, Ireland<br>Jakob RHYNER, United Nations University, Germany<\/p>\n\n\n\n<h3 class=\"wp-block-heading\" id=\"conference-committee\">Conference Committee<\/h3>\n\n\n\n<p>Atreyi KANKANHALLI, National University of Singapore, Singapore \u2022 PC Chair<br>Adegboyega OJO, National University of Ireland Galway, Ireland \u2022 PC Chair<br>Delfina SOARES, United Nations University (UNU-EGOV), Portugal \u2022 PC Chair<br>Niall \u00d3 BROLCH\u00c1IN, National University of Ireland Galway, Ireland \u2022 Organization Chair (NUIG)<br>Elisabete SIM\u00d5ES, United Nations University (UNU-EGOV), Portugal \u2022 Organization Chair (UNU)<br>Lukasz PORWOL, Insight Centre for Data Analytics, Ireland \u2022 Communication Chair<br>Mariana LAMEIRAS, United Nations University (UNU-EGOV), Portugal \u2022 Workshops Chair<br>Morten MEYERHOFF NIELSEN, United Nations University (UNU-EGOV), Portugal \u2022 Invited Sessions Chair<\/p>\n\n\n\n<h3 class=\"wp-block-heading\" id=\"steering-committee\">ICEGOV Steering Committee (2018)<\/h3>\n\n\n\n<p>Rehema BAGUMA, Makerere University, Uganda<br>John BERTOT, University of Maryland, United States<br>Jo\u00e3o CARVALHO, United Nations University (UNU-EGOV), Portugal<br>Wojciech CELLARY, Pozna? University of Economics and Business, Poland<br>Radha CHAUHAN, Government e-Marketplace, India<br>Elsa ESTEVEZ, National University of the South, Argentina (Chair)<br>Paul HECTOR, UNESCO Regional Bureau for Sciences in the Arab States, Egypt<br>Tomasz JANOWSKI, Technical University of Gda?sk, Poland<br>Marijn JANSSEN, Delft University of Technology, Netherlands<br>Theresa PARDO, Center for Technology in Government, SUNY, United States<br>Peter PARYCEK, Danube University Krems, Austria<br>Delfina SOARES, United Nations University (UNU-EGOV), Portugal<br>Lu\u00eds SOARES BARBOSA, United Nations University (UNU-EGOV), Portugal<\/p>\n\n\n\n<h3 class=\"wp-block-heading\" id=\"secretariat\">ICEGOV Secretariat<\/h3>\n\n\n\n<p>Cristina BRAGA, United Nations University (UNU-EGOV), Portugal<br>Jos\u00e9 FARIA, United Nations University (UNU-EGOV), Portugal<br>Mariana LAMEIRAS, United Nations University (UNU-EGOV), Portugal<br>Morten MEYERHOFF NIELSEN, United Nations University (UNU-EGOV), Portugal<br>M\u00e1rio PEIXOTO, United Nations University (UNU-EGOV), Portugal<\/p>\n\n\n\n<h3 class=\"wp-block-heading\" id=\"awards-committee\">Awards Committee<\/h3>\n\n\n\n<p>Manuel BOL\u00cdVAR<br>Luis LUNA-REYES<br>Marie Anne MACADOR<br>Sehl MELLOULI<br>Theresa PARDO (Chair)<br>Fadi SALEM<\/p>\n\n\n\n<h3 class=\"wp-block-heading\" id=\"programme-committee\">Programme Committee<\/h3>\n\n\n\n<p>Gbenga ADEBUSUYI, State Government of Osun, Nigeria<br>Steve ADESHINA, Nile University of Nigeria, Nigeria<br>Fatemeh AHMADI, National University of Ireland Galway, Ireland<br>Erwin ALAMPAY, University of the Philippines, Philippines<br>Ayman ALARABIAT, University of Minho, Portugal<br>Luis ALVAREZ SABUCEDO, University of Vigo, Spain<br>Lu\u00eds AMARAL, University of Minho, Portugal<br>Dennis ANDERSON, St. Francis College, United States<br>Leonidas ANTHOPOULOS, University of Applied Science (TEI) of Larissa, Greece<br>Sylvia ARCHMANN, Federal Chancellery of Austria, Austria<br>Irfanullah ARFEEN, United Nations University (UNU-EGOV), Portugal<br>Johanna AWOTWI, Centre on e-Governance, Ghana<br>Majed AYYAD, University of Trento, Italy<br>Frank BANNISTER, Trinity College Dublin, Ireland, Ireland<br>Lu\u00eds BARBOSA, United Nations University (UNU-EGOV), Portugal<br>Maria BEEBE, Global Networks, United States<br>Mesfin BELACHEW, Agricultural Transformation Agency (ATA), Ethiopia<br>Soumaya BEN DHAOU, United Nations University (UNU-EGOV), Portugal<br>Hatem BEN STA, University of Tunis at El Manar, Tunisia<br>Jaroslav BERCE, University of Ljubljana, Slovenia<br>Lasse BERNTZEN, University College of Southeast Norway, Norway<br>John BERTOT, University of Maryland, United States<br>Hasnain BOKHARI, University of Erfurt, Germany<br>Luis M. CAMARINHA-MATOS, Lisbon University, Portugal<br>Jo\u00e3o \u00c1lvaro CARVALHO, United Nations University (UNU-EGOV), Portugal<br>Nuno CARVALHO, United Nations University (UNU-EGOV), Portugal<br>Joana CARVALHO, University of Minho, Portugal<br>Alejandra CECHICH, National University of Comahue, Argentina<br>Wojciech CELLARY, Poznan University of Economics and Business, Poland<br>Yu-Che CHEN, University of Nebraska at Omaha, United States<br>Sunil CHOENNI, Research and Documentation Centre (WODC), Ministry of Justice, Netherlands<br>Andrei CHUGUNOV, e-Government Center, ITMO University, Russia<br>Soon Ae CHUN, City University of New York, United States<br>Jose CLASTORNIK, AGESIC, Uruguay<br>Gaston CONCHA, University Santa Maria, Chile<br>Meghan COOK, Center for Technology in Government, University at Albany SUNY, United States<br>Flavio S. Corr\u00eaa DA SILVA, University of S\u00e3o Paulo, Brazil<br>Gon\u00e7alo DIAS, University of Aveiro, Portugal<br>D\u00e9bora DUTRA, University of Minho, Portugal, and State University of RS, Brazil<br>Elsa ESTEVEZ, National University of the South, Argentina<br>Sara FERNANDES, University of Minho, Portugal<br>Isabel FERREIRA, Polytechnic Institute of C\u00e1vado and Ave, Portugal<br>Pablo FILLOTTRANI, National University of the South, Argentina<br>Victor FONTE, United Nations University (UNU-EGOV), Portugal<br>Mila GASCO, Center for Technology in Government, University at Albany SUNY, United States<br>J. Ramon GIL-GARCIA, University at Albany, State University of New York, United States<br>Yiwei GONG, Wuhan University, China<br>Karim HAMZA, Institute for European Studies, Vrije Universiteit Brussel, Egypt<br>Roger HARRIS, Roger Harris Associates, Hong Kong<br>Mathias HATAKKA, Dalarna University, Sweden<br>C S Bryan HO, University of Macau, Macau<br>Vigneswara ILAVARASAN, Indian Institute of Technology Delhi, India<br>Tupokigwe ISAGAH, University of Koblenz-Landau, Germany<br>Yury KABANOV, National Research University Higher School of Economics, Russia<br>Atreyi KANKANHALLI, National University of Singapore, Singapore (PC Chair)<br>Ralf KLISCHEWSKI, German University in Cairo, Egypt<br>Robert KRIMMER, Tallinn University of Technology, Estonia<br>Hiroko KUDO, Chuo University, Japan<br>Mariana LAMEIRAS, United Nations University (UNU-EGOV) and Communication and Society Research Center (CSRC), University of Minho, Portugal<br>Jungwoo LEE, Yonsei University, Republic of Korea<br>Calvin LEONG, MSARG, Macau<br>Nuno LOPES, United Nations University (UNU-EGOV), Portugal<br>Rui Pedro LOUREN\u00c7O, University of Coimbra, Portugal<br>Luis F. LUNA-REYES, University at Albany, SUNY, United States<br>Nidhi Vij MALI, University of Mississippi, United States<br>Jo\u00e3o MARTINS, United Nations University (UNU-EGOV), Portugal<br>Ricardo MATHEUS, Delft University of Technology, Brazil<br>Rony MEDAGLIA, Copenhagen Business School, Denmark<br>Elahe MEYDANI, RWTH Aachen University, Germany<br>Morten MEYERHOFF NIELSEN, United Nations University (UNU-EGOV), Portugal<br>Yuri MISNIKOV, e-Governance Academy, Estonia<br>Harekrishna MISRA, Institute of Rural Management Anand, India<br>Carl Erik MOE, University of Adger, Norway<br>Maria Helena MONTEIRO, Lisbon University, Portugal<br>Taewoo NAM, Sungkyunkwan University, Republic of Korea<br>Lizzy OFUSORI, University of KwaZulu-Natal, South Africa<br>Adegboyega OJO, National University of Ireland Galway, Ireland (PC Chair)<br>Kayode OLANIYAN, National Bureau of Statistics, Abuja, Nigeria<br>Vassilios PERISTERAS, International Hellenic University, Greece<br>Anna PICCO-SCHWENDENER, Universit\u00e0 della Svizzera Italiana, Switzerland<br>Edy PORTMANN, University of Bern, Switzerland<br>Lukasz PORWOL, National University of Ireland Galway, Ireland<br>Devendra POTNIS, University of Tennessee at Knoxville, United States<br>Amit PRAKASH, International Institute of Information Technology Bangalore, India<br>Marco PRANDINI, University of Bologne, Italy<br>Rui QUARESMA, University of \u00c9vora, Portugal<br>Voahangy RAKOTONIRINA, University of Antananarivo, Madagascar<br>Nicolau REINHARD, University of S\u00e3o Paulo, Brazil<br>Manuel Pedro RODR\u00cdGUEZ BOL\u00cdVAR, University of Granada, Spain<br>Ibrahim ROHMAN, United Nations University (UNU-EGOV), Portugal<br>Edgar Alejandro RUVALCABA GOMEZ, Madrid Autonomous University, Spain<br>Alexander RYJOV, Moscow State University and Russian Presidential Academy of National Economy and Public Administration, Russia<br>Jenny Marcela SANCHEZ-TORRES, National University of Colombia, Colombia<br>Rodrigo SANDOVAL-ALMAZAN, Mexico State Autonomous University, Mexico<br>Demetrios SARANTIS, National Technical University Athens, Greece<br>Priya SEETHARAMAN, Indian Institute of Management Calcutta, India<br>Muhaemin SIDIQ, muhaem.in, India<br>Tiago SILVA, United Nations University (UNU-EGOV), Portugal<br>Hamida SKANDRANI, Institut Sup\u00e9rieur de Comptabilit\u00e9 et d\u2019Administration des Entreprises, Tunisia<br>Eriks SNEIDERS, Stockholm University, Sweden<br>Delfina SOARES, United Nations University (UNU-EGOV), Portugal (PC Chair)<br>Andrzej SOBCZAK, Warsaw School of Economics, Poland<br>Ralf-Martin SOE, Tallinn University of Technology, Estonia<br>Henk SOL, University of Groingen, Netherlands<br>Fabro STEIBEL, ITS Rio and Laboratory for Creative Cities ESPM Rio, Brazil<br>Evgeny STYRIN, National Research University Higher School of Economics, Russia<br>Efthimios TAMBOURIS, University of Macedonia, Greece<br>Ant\u00f3nio TAVARES, United Nations University (UNU-EGOV), Portugal<br>Louise THOMASEN, coThomasen, Denmark<br>Javier Carranza Torres TRESOLDI, GeoCensos, Colombia<br>Dmitrii TRUTNEV, e-Government Center, ITMO University, Russia<br>Hossana TWINOMURINZI, University of South Africa, South Africa<br>David VALLE-CRUZ, Autonomous University of the State of Mexico, Mexico<br>Linda VEIGA, University of Minho and United Nations University (UNU-EGOV), Portugal<br>Gabriela VIALE PEREIRA, Danube University Krems, Austria<br>Lyudmila VIDIASOVA, ITMO University, Russia<br>Maria WIMMER, University of Koblenz-Landau, Germany<br>Peter WINSTANLEY, Scottish Government, United Kingdom<br>Tung-Mou YANG, National Taiwan University, Chinese Taipei<br>Moinul ZABER, University of Dhaka, Bangladesh<br>Cristina ZERPA, AGESIC, Uruguay<\/p>\n\n\n\n<h3 class=\"wp-block-heading\" id=\"sub-reviewers\">Sub-reviewers<\/h3>\n\n\n\n<p>Dongpo DENG, Industrial Technology Research Institute, Chinese Taipei<br>Niels NETTEN, Research and Documentation Centre, Ministry of Justice and Security, Netherlands<br>Mortaza S. BARGH, Research and Documentation Centre, Ministry of Justice and Security, Netherlands<br>Jo\u00e3o Marco SILVA, University of Minho and INESC-TEC, Portugal<br>Lakshmikant TIWARI, Institute of Rural Management Anand, India<br>Michalis VAFOPOULOS, National Technical University of Athens, Greece<\/p>\n<\/div><\/div>\n\n\n\n<div id=\"programme\" class=\"wp-block-group\"><div class=\"wp-block-group__inner-container is-layout-flow wp-block-group-is-layout-flow\">\n<h2 class=\"wp-block-heading\" id=\"programme\">Programme<\/h2>\n\n\n\n<h3 class=\"wp-block-heading\" id=\"sessions\">Sessions<\/h3>\n\n\n\n<p>The full programme of the conference is available <a href=\"\/wp-content\/uploads\/2024\/11\/icegov18-programme.pdf\">for download here<\/a>.<\/p>\n<\/div><\/div>\n<\/div>\n\n\n\n<div class=\"wp-block-column is-layout-flow wp-block-column-is-layout-flow\" style=\"flex-basis:20%\">        <div class=\"lateral-menu\">\n                            <div class=\"lateral-menu-group\">\n                    <div class=\"lateral-menu-header\">\n                        <div class=\"lateral-menu-title\"><a href=\"#\">ICEGOV 2018<\/a>\n                        <\/div>\n                    <\/div>\n                                    <\/div>\n                            <div class=\"lateral-menu-group\">\n                    <div class=\"lateral-menu-header\">\n                        <div class=\"lateral-menu-title\"><a href=\"#summary\">Summary<\/a>\n                        <\/div>\n                    <\/div>\n                                            <ul class=\"lateral-menu-content\">\n                                                            <li><a href=\"#about\">About<\/a><\/li>\n                                                            <li><a href=\"#call-for-papers\">Call for Papers<\/a><\/li>\n                                                            <li><a href=\"#best-paper-awards\">Best Paper Awards<\/a><\/li>\n                                                    <\/ul>\n                                        <\/div>\n                            <div class=\"lateral-menu-group\">\n                    <div class=\"lateral-menu-header\">\n                        <div class=\"lateral-menu-title\"><a href=\"#statistics\">Statistics<\/a>\n                        <\/div>\n                    <\/div>\n                                    <\/div>\n                            <div class=\"lateral-menu-group\">\n                    <div class=\"lateral-menu-header\">\n                        <div class=\"lateral-menu-title\"><a href=\"#institutions\">Institutions<\/a>\n                        <\/div>\n                    <\/div>\n                                            <ul class=\"lateral-menu-content\">\n                                                            <li><a href=\"#patron\">Patron<\/a><\/li>\n                                                            <li><a href=\"#organisers\">Organisers<\/a><\/li>\n                                                            <li><a href=\"#in-collaboration-with\">In collaboration with<\/a><\/li>\n                                                            <li><a href=\"#sponsors\">Sponsors<\/a><\/li>\n                                                            <li><a href=\"#academic-partners\">Academic Partners<\/a><\/li>\n                                                    <\/ul>\n                                        <\/div>\n                            <div class=\"lateral-menu-group\">\n                    <div class=\"lateral-menu-header\">\n                        <div class=\"lateral-menu-title\"><a href=\"#committees\">Committees<\/a>\n                        <\/div>\n                    <\/div>\n                                            <ul class=\"lateral-menu-content\">\n                                                            <li><a href=\"#conferencechairs\">Conference Chairs<\/a><\/li>\n                                                            <li><a href=\"#conferencecommittee\">Conference Committee<\/a><\/li>\n                                                            <li><a href=\"#steeringcommittee\">ICEGOV Steering Committee (2018)<\/a><\/li>\n                                                            <li><a href=\"#secretariat\">ICEGOV Secretariat<\/a><\/li>\n                                                            <li><a href=\"#awardscommittee\">Awards Committee<\/a><\/li>\n                                                            <li><a href=\"#programmecommittee\">Programme Committee<\/a><\/li>\n                                                    <\/ul>\n                                        <\/div>\n                            <div class=\"lateral-menu-group\">\n                    <div class=\"lateral-menu-header\">\n                        <div class=\"lateral-menu-title\"><a href=\"#programme\">Programme<\/a>\n                        <\/div>\n                    <\/div>\n                                            <ul class=\"lateral-menu-content\">\n                                                            <li><a href=\"#sessions\">Sessions<\/a><\/li>\n                                                    <\/ul>\n                                        <\/div>\n                    <\/div>\n        <\/div>\n<\/div>\n<\/div><\/div>\n","protected":false},"excerpt":{"rendered":"<p>EDITION AND THEME Transforming Digital Governance for Sustainable and Resilient Societies Galway, Ireland 4 &#8211; 6 April 2018 Summary About The 11th International Conference on Theory and Practice of Electronic Governance (ICEGOV2018) took place in Galway, Ireland, between 4 and 6 April 2018. The conference was held under the high patronage of the Department of [&hellip;]<\/p>\n","protected":false},"author":3,"featured_media":0,"parent":0,"menu_order":0,"comment_status":"closed","ping_status":"closed","template":"","meta":{"footnotes":""},"class_list":["post-5","page","type-page","status-publish","hentry"],"_links":{"self":[{"href":"https:\/\/www.icegov.org\/2018\/wp-json\/wp\/v2\/pages\/5","targetHints":{"allow":["GET"]}}],"collection":[{"href":"https:\/\/www.icegov.org\/2018\/wp-json\/wp\/v2\/pages"}],"about":[{"href":"https:\/\/www.icegov.org\/2018\/wp-json\/wp\/v2\/types\/page"}],"author":[{"embeddable":true,"href":"https:\/\/www.icegov.org\/2018\/wp-json\/wp\/v2\/users\/3"}],"replies":[{"embeddable":true,"href":"https:\/\/www.icegov.org\/2018\/wp-json\/wp\/v2\/comments?post=5"}],"version-history":[{"count":6,"href":"https:\/\/www.icegov.org\/2018\/wp-json\/wp\/v2\/pages\/5\/revisions"}],"predecessor-version":[{"id":20,"href":"https:\/\/www.icegov.org\/2018\/wp-json\/wp\/v2\/pages\/5\/revisions\/20"}],"wp:attachment":[{"href":"https:\/\/www.icegov.org\/2018\/wp-json\/wp\/v2\/media?parent=5"}],"curies":[{"name":"wp","href":"https:\/\/api.w.org\/{rel}","templated":true}]}}