{"id":5,"date":"2024-11-27T09:31:32","date_gmt":"2024-11-27T09:31:32","guid":{"rendered":"https:\/\/www.icegov.org\/2009\/?page_id=5"},"modified":"2025-02-18T11:15:03","modified_gmt":"2025-02-18T11:15:03","slug":"icegov2009","status":"publish","type":"page","link":"https:\/\/www.icegov.org\/2009\/","title":{"rendered":"ICEGOV2009"},"content":{"rendered":"\n<div class=\"wp-block-group has-white-color has-text-color has-background has-link-color wp-elements-01d8ce7b227485f07ad23f8e486217f3\" style=\"background-color:#fcd116;padding-top:48px;padding-right:40px;padding-bottom:48px;padding-left:40px\"><div class=\"wp-block-group__inner-container is-layout-constrained wp-container-core-group-is-layout-efd29431 wp-block-group-is-layout-constrained\">\n<div class=\"wp-block-columns is-layout-flex wp-container-core-columns-is-layout-9d6595d7 wp-block-columns-is-layout-flex\" id=\"editions-mobile-view\">\n<div class=\"wp-block-column is-layout-flow wp-block-column-is-layout-flow\" style=\"flex-basis:70%\">\n<h6 class=\"wp-block-heading\">EDITION AND THEME<\/h6>\n\n\n\n<h3 class=\"wp-block-heading has-white-color has-text-color has-link-color wp-elements-31e3ea344452fc968acc20cb8ebc9d75\">3rd International Conference on Theory and Practice of Electronic Governance<\/h3>\n\n\n\n<h5 class=\"wp-block-heading\">Bogot\u00e1, Colombia<\/h5>\n\n\n\n<h4 class=\"wp-block-heading\">10 &#8211; 13 November 2009<\/h4>\n<\/div>\n\n\n\n<div class=\"wp-block-column is-vertically-aligned-center is-layout-flow wp-block-column-is-layout-flow\" style=\"flex-basis:30%\" id=\"align-left-img\">\n<div class=\"wp-block-group is-content-justification-center is-nowrap is-layout-flex wp-container-core-group-is-layout-94bc23d7 wp-block-group-is-layout-flex\">\n<figure class=\"wp-block-image size-full is-resized\"><img loading=\"lazy\" decoding=\"async\" width=\"1120\" height=\"356\" src=\"https:\/\/www.icegov.org\/2009\/wp-content\/uploads\/sites\/5\/2024\/11\/archive_logo_2009.png\" alt=\"\" class=\"wp-image-7\" style=\"object-fit:cover;width:305px;height:98px\" srcset=\"https:\/\/www.icegov.org\/2009\/wp-content\/uploads\/sites\/5\/2024\/11\/archive_logo_2009.png 1120w, https:\/\/www.icegov.org\/2009\/wp-content\/uploads\/sites\/5\/2024\/11\/archive_logo_2009-300x95.png 300w, https:\/\/www.icegov.org\/2009\/wp-content\/uploads\/sites\/5\/2024\/11\/archive_logo_2009-1024x325.png 1024w, https:\/\/www.icegov.org\/2009\/wp-content\/uploads\/sites\/5\/2024\/11\/archive_logo_2009-768x244.png 768w\" sizes=\"auto, (max-width: 1120px) 100vw, 1120px\" \/><\/figure>\n<\/div>\n<\/div>\n<\/div>\n<\/div><\/div>\n\n\n\n<div class=\"wp-block-group\"><div class=\"wp-block-group__inner-container is-layout-constrained wp-block-group-is-layout-constrained\">\n<div class=\"wp-block-columns is-layout-flex wp-container-core-columns-is-layout-48a00afe wp-block-columns-is-layout-flex\" style=\"padding-right:40px;padding-left:40px\">\n<div class=\"wp-block-column is-layout-flow wp-block-column-is-layout-flow\" style=\"flex-basis:85%\">\n<div class=\"wp-block-group\"><div class=\"wp-block-group__inner-container is-layout-flow wp-block-group-is-layout-flow\">\n<div id=\"summary\" class=\"wp-block-group\"><div class=\"wp-block-group__inner-container is-layout-flow wp-block-group-is-layout-flow\">\n<h2 class=\"wp-block-heading\">Summary<\/h2>\n\n\n\n<h3 class=\"wp-block-heading\" id=\"about\">About<\/h3>\n\n\n\n<p>The 3rd International Conference on Theory and Practice of Electronic Governance, ICEGOV2009, was organized in Bogota, Colombia during 10-13 November 2009. The conference took place under the patronage of the Ministry of Information and Communication Technology, Government of Colombia, and was co-organized by: (1) Electronic Governance Programme at United Nations University &#8211; International Institute for Software Technology, (2) Observatorio de Sociedad, Gobierno y Tecnolog\u00edas de Informaci\u00f3n, Universidad Externado de Colombia, and (3) Programa Gobierno en L\u00ednea, Government of Colombia.<\/p>\n\n\n\n<p>The ICEGOV conference series focuses on the use of technology to transform relationships between government and its customers: citizens, businesses, civil society and other arms of government (Electronic Governance), beyond the traditional focus on technology-enabled transformation within government (Electronic Government). After the first two editions, ICEGOV2007 in Macao and ICEGOV2008 in Cairo, ICEGOV2009 helped to further strengthen the features of the ICEGOV conference series as global, multi-stakeholder, networking, research and practice, capacity building, development and UN conferences. <\/p>\n\n\n\n<p>Notably, the conference enjoyed a strong representation from developing and transition countries, with contributions to research and practice of Electronic Governance, and offered a strong capacity- and network-building program with invited talks, invited sessions, tutorials, workshops, panel discussions, round-table discussions, papers sessions, and the demo and poster session. For the first time, the conference featured invited sessions to present experiences and lessons learnt in Electronic Governance development by various government organizations responsible for such development at the national or sub-national levels, as well as three round-table discussions aimed at consensus-building.<\/p>\n\n\n\n<p>It was co-organized by the Agency for Electronic Government and Information Society of Uruguay (AGESIC) and the United Nations University Operating Unit on Policy-Driven Electronic Governance (UNU-EGOV) in collaboration with United Nations Educational, Scientific and Cultural Organization (UNESCO). <\/p>\n\n\n\n<p>ICEGOV2016 featured a rich academic, capacity-building and network-building program of keynote lectures, plenary discussions, thematic sessions, invited sessions, a poster exhibition, and a doctoral colloquium, all built from submitted or invited contributions by researchers, experts, policymakers and practitioners from around the world. The conference engaged authors, reviewers, committee members and resource persons from 64 countries and economies.<\/p>\n\n\n\n<h2 class=\"wp-block-heading\" id=\"statistics\">Statistics<\/h2>\n\n\n\n<p><strong>Papers and Authors<\/strong><\/p>\n\n\n\n<ul class=\"wp-block-list\">\n<li>Papers submitted: 102<\/li>\n\n\n\n<li>Papers accepted: 75<\/li>\n\n\n\n<li>Countries: 39<\/li>\n<\/ul>\n<\/div><\/div>\n<\/div><\/div>\n<\/div>\n\n\n\n<div class=\"wp-block-column is-layout-flow wp-block-column-is-layout-flow\" style=\"flex-basis:15%\">        <div class=\"lateral-menu\">\n                            <div class=\"lateral-menu-group\">\n                    <div class=\"lateral-menu-header\">\n                        <div class=\"lateral-menu-title\"><a href=\"\">ICEGOV 2009<\/a>\n                        <\/div>\n                    <\/div>\n                                    <\/div>\n                            <div class=\"lateral-menu-group\">\n                    <div class=\"lateral-menu-header\">\n                        <div class=\"lateral-menu-title\"><a href=\"#summary\">Summary<\/a>\n                        <\/div>\n                    <\/div>\n                                    <\/div>\n                    <\/div>\n        <\/div>\n<\/div>\n<\/div><\/div>\n\n\n\n<p><\/p>\n","protected":false},"excerpt":{"rendered":"<p>EDITION AND THEME 3rd International Conference on Theory and Practice of Electronic Governance Bogot\u00e1, Colombia 10 &#8211; 13 November 2009 Summary About The 3rd International Conference on Theory and Practice of Electronic Governance, ICEGOV2009, was organized in Bogota, Colombia during 10-13 November 2009. The conference took place under the patronage of the Ministry of Information [&hellip;]<\/p>\n","protected":false},"author":3,"featured_media":0,"parent":0,"menu_order":0,"comment_status":"closed","ping_status":"closed","template":"","meta":{"footnotes":""},"class_list":["post-5","page","type-page","status-publish","hentry"],"_links":{"self":[{"href":"https:\/\/www.icegov.org\/2009\/wp-json\/wp\/v2\/pages\/5","targetHints":{"allow":["GET"]}}],"collection":[{"href":"https:\/\/www.icegov.org\/2009\/wp-json\/wp\/v2\/pages"}],"about":[{"href":"https:\/\/www.icegov.org\/2009\/wp-json\/wp\/v2\/types\/page"}],"author":[{"embeddable":true,"href":"https:\/\/www.icegov.org\/2009\/wp-json\/wp\/v2\/users\/3"}],"replies":[{"embeddable":true,"href":"https:\/\/www.icegov.org\/2009\/wp-json\/wp\/v2\/comments?post=5"}],"version-history":[{"count":4,"href":"https:\/\/www.icegov.org\/2009\/wp-json\/wp\/v2\/pages\/5\/revisions"}],"predecessor-version":[{"id":22,"href":"https:\/\/www.icegov.org\/2009\/wp-json\/wp\/v2\/pages\/5\/revisions\/22"}],"wp:attachment":[{"href":"https:\/\/www.icegov.org\/2009\/wp-json\/wp\/v2\/media?parent=5"}],"curies":[{"name":"wp","href":"https:\/\/api.w.org\/{rel}","templated":true}]}}